{"id":12,"date":"2014-03-19T19:28:56","date_gmt":"2014-03-19T17:28:56","guid":{"rendered":"http:\/\/www.schwierenstein.de\/schwieren\/?page_id=12"},"modified":"2021-10-26T16:01:06","modified_gmt":"2021-10-26T14:01:06","slug":"ueber-uns","status":"publish","type":"page","link":"https:\/\/www.schwierenstein.de\/steinmanufaktur\/ueber-uns\/","title":{"rendered":"\u00dcber uns"},"content":{"rendered":"<h5 style=\"text-align: justify;\">Mit Tradition in die Zukunft<\/h5>\n<p style=\"text-align: justify;\">Seit \u00fcber 100 Jahren und 5 Generationen in Stein gemeisselt. Bereits 1905 beginnt die Steinmetzgeschichte der Familie. 1979 gr\u00fcndet Steinmetzmeister Martin Schwieren das Unternehmen Schwierenstein, das in den folgenden Jahren im Gro\u00dfraum K\u00f6ln eine der Adressen f\u00fcr professionelle Steinmetzarbeiten wird. Mit der im Jahr 2010 durch Jan Schwieren (Steinmetz und Steinbildhauermeister) gegr\u00fcndeten Steinmetzwerkst\u00e4tten GmbH wurde das Familienunternehmen neu und zukunftsorientiert aufgestellt. Vor allem im Bereich der Restaurierung und Konservierung historischer Bausubstanz hat sich das Unternehmen unter der F\u00fchrung von Gesch\u00e4ftsf\u00fchrer Jan Schwieren bundesweit einen Namen gemacht. Im Zuge der Gr\u00fcndung der Schwieren Steinmanufaktur GmbH wurde der Grabmalbereich des Unternehmens neu strukturiert und durch den Standort am Melatenfriedhof K\u00f6ln erweitert.<\/p>\n<h5 style=\"text-align: justify;\">Ausbildung bei Schwieren.<\/h5>\n<p style=\"text-align: justify;\">Die qualifizierte Ausbildung im Steinmetzhandwerk ist die Zukunft unserer Meisterbetriebe.<\/p>\n<p style=\"text-align: justify;\">Seit 1983 bis heute bilden wir durchg\u00e4ngig im Steinmetzhandwerk aus. Wir empfinden die Verantwortung f\u00fcr junge Menschen und die Mitarbeit junger Menschen in unserem Unternehmen stets als gro\u00dfe Bereicherung. Auch die Auseinandersetzung mit schwierigen Themen innerhalb der Ausbildung fordert und f\u00f6rdert das menschliche und betriebliche Selbstverst\u00e4ndnis. Aufgrund besonderer F\u00e4higkeiten und guten Leistungen konnten etliche Auszubildende ihre Pr\u00fcfung im Steinmetz- und Steinbildhauerhandwerk vorzeitig absolvieren und in einigen F\u00e4llen als Preistr\u00e4ger auf Kammerebene hervorgehen. Die Lebenswege der vorgenannten Auszubildenden sind uns \u00fcberwiegend bekannt. Somit freut es uns, dass fast alle im Steinmetzhandwerk, in der Natursteinbranche oder artverwandten Berufen arbeiten. Das Erlernen unseres Handwerks bietet nach wie vor gro\u00dfe berufliche Chancen. Die qualitativ hochwertige Ausbildung innerhalb unseres dualen Ausbildungssystems ist auch im europ\u00e4ischem Ausland gesch\u00e4tzt und anerkannt. Die Erlangung des Meistertitels bzw. Weiterbildung in allen Bereichen der Natursteinbranche \u00f6ffnet zahlreiche berufliche Perspektiven.<\/p>\n<h5 style=\"text-align: justify;\">Auszubildende bei Schwieren seit November 1979<\/h5>\n<table style=\"height: 685px;\" border=\"0\" width=\"821\">\n<tbody>\n<tr>\n<td>Rangold Bonk<\/td>\n<td>1983 &#8211; 1986<\/td>\n<\/tr>\n<tr>\n<td>Michal Wagner<\/td>\n<td>1983 &#8211; 1986<\/td>\n<\/tr>\n<tr>\n<td>Caroline Schmid<\/td>\n<td>1986 &#8211; 1989<\/td>\n<\/tr>\n<tr>\n<td>Andreas Kleinhenz<\/td>\n<td>1986 &#8211; 1989<\/td>\n<\/tr>\n<tr>\n<td>Christian Winkel<\/td>\n<td>1988 &#8211; 1991<\/td>\n<\/tr>\n<tr>\n<td>Winfried Orth<\/td>\n<td>1988 &#8211; 1991<\/td>\n<\/tr>\n<tr>\n<td>Olaf Wulf<\/td>\n<td>1991 &#8211; 1994<\/td>\n<\/tr>\n<tr>\n<td>Andr\u00e9 Nitsche<\/td>\n<td>1993 &#8211; 1996<\/td>\n<\/tr>\n<tr>\n<td>Peter Pisters<\/td>\n<td>1994 &#8211; 1997<\/td>\n<\/tr>\n<tr>\n<td>Jan Becker<\/td>\n<td>1995 &#8211; 1998<\/td>\n<\/tr>\n<tr>\n<td>Martin Cichon<\/td>\n<td>1997 &#8211; 1999<\/td>\n<\/tr>\n<tr>\n<td>Sven Mund<\/td>\n<td>1999 &#8211; 2002<\/td>\n<\/tr>\n<tr>\n<td>Jan Schwieren<\/td>\n<td>2000 &#8211; 2002<\/td>\n<\/tr>\n<tr>\n<td>David B\u00fctow<\/td>\n<td>2002 &#8211; 2004<\/td>\n<\/tr>\n<tr>\n<td>Tekin Aras<\/td>\n<td>2005 &#8211; 2006<\/td>\n<\/tr>\n<tr>\n<td>Patrick Engels<\/td>\n<td>2006 &#8211; 2009<\/td>\n<\/tr>\n<tr>\n<td>Clemens Junk<\/td>\n<td>2012 &#8211; 2015<\/td>\n<\/tr>\n<tr>\n<td>Hilarius Schwarz<\/td>\n<td>2015 \u2013 2017<\/td>\n<\/tr>\n<tr>\n<td>David Messing<\/td>\n<td>2016 \u2013 2018<\/td>\n<\/tr>\n<tr>\n<td><\/td>\n<td>2016 \u2013 2018<\/td>\n<\/tr>\n<\/tbody>\n<\/table>\n<p><!--EndFragment--><\/p>\n","protected":false},"excerpt":{"rendered":"<p>Mit Tradition in die Zukunft Seit \u00fcber 100 Jahren und 5 Generationen in Stein gemeisselt. Bereits 1905 beginnt die Steinmetzgeschichte der Familie. 1979 gr\u00fcndet Steinmetzmeister Martin Schwieren das Unternehmen Schwierenstein, das in den folgenden Jahren im Gro\u00dfraum K\u00f6ln eine der Adressen f\u00fcr professionelle Steinmetzarbeiten wird. Mit der im Jahr 2010 durch Jan Schwieren (Steinmetz und [&hellip;]<\/p>\n","protected":false},"author":1,"featured_media":0,"parent":0,"menu_order":0,"comment_status":"open","ping_status":"open","template":"","meta":[],"_links":{"self":[{"href":"https:\/\/www.schwierenstein.de\/steinmanufaktur\/wp-json\/wp\/v2\/pages\/12"}],"collection":[{"href":"https:\/\/www.schwierenstein.de\/steinmanufaktur\/wp-json\/wp\/v2\/pages"}],"about":[{"href":"https:\/\/www.schwierenstein.de\/steinmanufaktur\/wp-json\/wp\/v2\/types\/page"}],"author":[{"embeddable":true,"href":"https:\/\/www.schwierenstein.de\/steinmanufaktur\/wp-json\/wp\/v2\/users\/1"}],"replies":[{"embeddable":true,"href":"https:\/\/www.schwierenstein.de\/steinmanufaktur\/wp-json\/wp\/v2\/comments?post=12"}],"version-history":[{"count":32,"href":"https:\/\/www.schwierenstein.de\/steinmanufaktur\/wp-json\/wp\/v2\/pages\/12\/revisions"}],"predecessor-version":[{"id":616,"href":"https:\/\/www.schwierenstein.de\/steinmanufaktur\/wp-json\/wp\/v2\/pages\/12\/revisions\/616"}],"wp:attachment":[{"href":"https:\/\/www.schwierenstein.de\/steinmanufaktur\/wp-json\/wp\/v2\/media?parent=12"}],"curies":[{"name":"wp","href":"https:\/\/api.w.org\/{rel}","templated":true}]}}