{"id":24,"date":"2014-03-19T20:13:31","date_gmt":"2014-03-19T18:13:31","guid":{"rendered":"http:\/\/www.schwierenstein.de\/schwieren\/?page_id=24"},"modified":"2021-09-17T11:27:34","modified_gmt":"2021-09-17T09:27:34","slug":"kontakt","status":"publish","type":"page","link":"https:\/\/www.schwierenstein.de\/steinmanufaktur\/kontakt\/","title":{"rendered":"Kontakt"},"content":{"rendered":"<p>Rufen Sie uns an oder schreiben Sie eine Mail.<br \/>\nF\u00fcr alle Fragen stehen wir Ihnen gerne zur Verf\u00fcgung.<\/p>\n<p>Beratung und Verkauf<br \/>\nTel: +49 221 95 26 11 92<br \/>\nFax: +49 221 95 26 11 93<br \/>\nMail: <a href=\"mailto:steinmanufaktur@schwierenstein.de\">steinmanufaktur@schwierenstein.de<\/a><\/p>\n<p>\u00d6ffnungszeiten:<br \/>\nMo.-Fr.: 9:30 -17:00 Uhr<br \/>\nSa.: Nach Vereinbarung<\/p>\n<p>Schwieren Steinmanufaktur GmbH<br \/>\nWoensamstr. 8<br \/>\nD-50931 K\u00f6ln<\/p>\n<p>(N\u00e4he Haupteingang Melatenfriedhof)<\/p>\n<hr \/>\n<p>Gesch\u00e4ftsf\u00fchrer: Jan Schwieren<br \/>\nSitz der Gesellschaft: Woensamstr. 8, D-50931 K\u00f6ln<br \/>\nAmtsgericht K\u00f6ln HRB 83426 | Finanzamt K\u00f6ln-West<\/p>\n","protected":false},"excerpt":{"rendered":"<p>Rufen Sie uns an oder schreiben Sie eine Mail. F\u00fcr alle Fragen stehen wir Ihnen gerne zur Verf\u00fcgung. Beratung und Verkauf Tel: +49 221 95 26 11 92 Fax: +49 221 95 26 11 93 Mail: steinmanufaktur@schwierenstein.de \u00d6ffnungszeiten: Mo.-Fr.: 9:30 -17:00 Uhr Sa.: Nach Vereinbarung Schwieren Steinmanufaktur GmbH Woensamstr. 8 D-50931 K\u00f6ln (N\u00e4he Haupteingang Melatenfriedhof) [&hellip;]<\/p>\n","protected":false},"author":1,"featured_media":0,"parent":0,"menu_order":0,"comment_status":"open","ping_status":"open","template":"","meta":[],"_links":{"self":[{"href":"https:\/\/www.schwierenstein.de\/steinmanufaktur\/wp-json\/wp\/v2\/pages\/24"}],"collection":[{"href":"https:\/\/www.schwierenstein.de\/steinmanufaktur\/wp-json\/wp\/v2\/pages"}],"about":[{"href":"https:\/\/www.schwierenstein.de\/steinmanufaktur\/wp-json\/wp\/v2\/types\/page"}],"author":[{"embeddable":true,"href":"https:\/\/www.schwierenstein.de\/steinmanufaktur\/wp-json\/wp\/v2\/users\/1"}],"replies":[{"embeddable":true,"href":"https:\/\/www.schwierenstein.de\/steinmanufaktur\/wp-json\/wp\/v2\/comments?post=24"}],"version-history":[{"count":33,"href":"https:\/\/www.schwierenstein.de\/steinmanufaktur\/wp-json\/wp\/v2\/pages\/24\/revisions"}],"predecessor-version":[{"id":611,"href":"https:\/\/www.schwierenstein.de\/steinmanufaktur\/wp-json\/wp\/v2\/pages\/24\/revisions\/611"}],"wp:attachment":[{"href":"https:\/\/www.schwierenstein.de\/steinmanufaktur\/wp-json\/wp\/v2\/media?parent=24"}],"curies":[{"name":"wp","href":"https:\/\/api.w.org\/{rel}","templated":true}]}}