{"id":6,"date":"2014-03-19T19:27:03","date_gmt":"2014-03-19T17:27:03","guid":{"rendered":"http:\/\/www.schwierenstein.de\/schwieren\/?page_id=6"},"modified":"2021-09-18T15:03:41","modified_gmt":"2021-09-18T13:03:41","slug":"grabmal","status":"publish","type":"page","link":"https:\/\/www.schwierenstein.de\/steinmanufaktur\/grabmal\/","title":{"rendered":"Grabmal-Manufaktur"},"content":{"rendered":"<h5>Jedes Leben schreibt seine eigene Geschichte. Wir erz\u00e4hlen sie \u2013 in Stein, Schrift und Ornamentik.<\/h5>\n<p>Bei uns finden Sie den passenden Stein f\u00fcr Ihre Grabst\u00e4tte. Wir bieten Ihnen eine Vielzahl an Materialien und Bearbeitungsvarianten.<\/p>\n<div id='gallery-1' class='czr-gallery row flex-row czr-gallery-style gallery galleryid-6 gallery-columns-7 gallery-size-thumbnail'><figure class='gallery-item col col-auto'>\r\n                        <div class='gallery-icon landscape czr-gallery-icon'>\r\n                              <img width=\"150\" height=\"150\" src=\"https:\/\/www.schwierenstein.de\/steinmanufaktur\/wp-content\/uploads\/2014\/03\/DCP_0004-200x200.jpg\" class=\"attachment-thumbnail size-thumbnail\" alt=\"\" loading=\"lazy\" sizes=\"(min-width: 1200px) 132.85714285714px, (min-width: 992px) 107.14285714286px, (min-width: 768px) 72.857142857143px, (min-width: 576px) 105px, calc( 50vw - 30px )\" \/><div class=\"post-action btn btn-skin-dark-shaded inverted\"><a href=\"https:\/\/www.schwierenstein.de\/steinmanufaktur\/wp-content\/uploads\/2014\/03\/DCP_0004.jpg\" class=\"icn-expand\" data-lb-type=\"grouped-gallery\"><\/a><\/div>\r\n                        <\/div><\/figure><figure class='gallery-item col col-auto'>\r\n                        <div class='gallery-icon landscape czr-gallery-icon'>\r\n                              <img width=\"150\" height=\"150\" src=\"https:\/\/www.schwierenstein.de\/steinmanufaktur\/wp-content\/uploads\/2014\/03\/020505-011_b-200x200.jpg\" class=\"attachment-thumbnail size-thumbnail\" alt=\"\" loading=\"lazy\" sizes=\"(min-width: 1200px) 132.85714285714px, (min-width: 992px) 107.14285714286px, (min-width: 768px) 72.857142857143px, (min-width: 576px) 105px, calc( 50vw - 30px )\" \/><div class=\"post-action btn btn-skin-dark-shaded inverted\"><a href=\"https:\/\/www.schwierenstein.de\/steinmanufaktur\/wp-content\/uploads\/2014\/03\/020505-011_b.jpg\" class=\"icn-expand\" data-lb-type=\"grouped-gallery\"><\/a><\/div>\r\n                        <\/div><\/figure><figure class='gallery-item col col-auto'>\r\n                        <div class='gallery-icon portrait czr-gallery-icon'>\r\n                              <img width=\"150\" height=\"150\" src=\"https:\/\/www.schwierenstein.de\/steinmanufaktur\/wp-content\/uploads\/2014\/03\/292_b-200x200.jpg\" class=\"attachment-thumbnail size-thumbnail\" alt=\"\" loading=\"lazy\" sizes=\"(min-width: 1200px) 132.85714285714px, (min-width: 992px) 107.14285714286px, (min-width: 768px) 72.857142857143px, (min-width: 576px) 105px, calc( 50vw - 30px )\" \/><div class=\"post-action btn btn-skin-dark-shaded inverted\"><a href=\"https:\/\/www.schwierenstein.de\/steinmanufaktur\/wp-content\/uploads\/2014\/03\/292_b.jpg\" class=\"icn-expand\" data-lb-type=\"grouped-gallery\"><\/a><\/div>\r\n                        <\/div><\/figure><figure class='gallery-item col col-auto'>\r\n                        <div class='gallery-icon landscape czr-gallery-icon'>\r\n                              <img width=\"150\" height=\"150\" src=\"https:\/\/www.schwierenstein.de\/steinmanufaktur\/wp-content\/uploads\/2014\/03\/093-200x200.jpg\" class=\"attachment-thumbnail size-thumbnail\" alt=\"\" loading=\"lazy\" sizes=\"(min-width: 1200px) 132.85714285714px, (min-width: 992px) 107.14285714286px, (min-width: 768px) 72.857142857143px, (min-width: 576px) 105px, calc( 50vw - 30px )\" \/><div class=\"post-action btn btn-skin-dark-shaded inverted\"><a href=\"https:\/\/www.schwierenstein.de\/steinmanufaktur\/wp-content\/uploads\/2014\/03\/093.jpg\" class=\"icn-expand\" data-lb-type=\"grouped-gallery\"><\/a><\/div>\r\n                        <\/div><\/figure><figure class='gallery-item col col-auto'>\r\n                        <div class='gallery-icon portrait czr-gallery-icon'>\r\n                              <img width=\"150\" height=\"150\" src=\"https:\/\/www.schwierenstein.de\/steinmanufaktur\/wp-content\/uploads\/2014\/03\/020505-055_b-200x200.jpg\" class=\"attachment-thumbnail size-thumbnail\" alt=\"\" loading=\"lazy\" sizes=\"(min-width: 1200px) 132.85714285714px, (min-width: 992px) 107.14285714286px, (min-width: 768px) 72.857142857143px, (min-width: 576px) 105px, calc( 50vw - 30px )\" \/><div class=\"post-action btn btn-skin-dark-shaded inverted\"><a href=\"https:\/\/www.schwierenstein.de\/steinmanufaktur\/wp-content\/uploads\/2014\/03\/020505-055_b.jpg\" class=\"icn-expand\" data-lb-type=\"grouped-gallery\"><\/a><\/div>\r\n                        <\/div><\/figure><figure class='gallery-item col col-auto'>\r\n                        <div class='gallery-icon portrait czr-gallery-icon'>\r\n                              <img width=\"150\" height=\"150\" src=\"https:\/\/www.schwierenstein.de\/steinmanufaktur\/wp-content\/uploads\/2014\/03\/136_b-200x200.jpg\" class=\"attachment-thumbnail size-thumbnail\" alt=\"\" loading=\"lazy\" sizes=\"(min-width: 1200px) 132.85714285714px, (min-width: 992px) 107.14285714286px, (min-width: 768px) 72.857142857143px, (min-width: 576px) 105px, calc( 50vw - 30px )\" \/><div class=\"post-action btn btn-skin-dark-shaded inverted\"><a href=\"https:\/\/www.schwierenstein.de\/steinmanufaktur\/wp-content\/uploads\/2014\/03\/136_b.jpg\" class=\"icn-expand\" data-lb-type=\"grouped-gallery\"><\/a><\/div>\r\n                        <\/div><\/figure>\r\n                  <\/div>\n\n<h5>Wir beraten Sie pers\u00f6nlich und erstellen Ihnen ein kostenloses und unverbindliches Angebot. Besuchen Sie uns zu den allgemeinen \u00d6ffnungszeiten oder vereinbaren Sie ein Termin.<\/h5>\n<p>Beratung und Verkauf Woensamstra\u00dfe 8, 50931 K\u00f6ln (Am Haupteingang Melatenfriedhof)<\/p>\n<p>\u00d6ffnungszeiten: Mo.-Fr.: 9:30 &#8211; 17:00 Uhr, Sa. nach Vereinbarung<\/p>\n<p>Tel.: +49 (0) 221 \/ 95 26 11 92 | Mail: <a href=\"mailto: steinmanufaktur@schwierenstein.de\">steinmanufaktur@schwierenstein.de<\/a><\/p>\n<h5>Auszug aus unserem Leistungsportfolio:<\/h5>\n<ul>\n<li>Grabmalbeantragung bei der Friedhofsverwaltung<\/li>\n<li>Entwurf und Anfertigung von individuellen Grabmalen<\/li>\n<li>Montage von Grabanlagen auf allen Friedh\u00f6fen<\/li>\n<li>Erstellen von Grabfundamenten<\/li>\n<li>Richten von abgesackten Einfassungen und losen Grabsteinen<\/li>\n<li>Abr\u00e4umen von Grabeinfassungen<\/li>\n<li>Einlagern von Grabsteinen und Einfassungen<\/li>\n<li>Reparatur von Einfassungen<\/li>\n<li>Nachbeschriften von Grabsteinen auf dem Friedhof<\/li>\n<li>Vergolden von Schriftzeichen auf dem Friedhof<\/li>\n<li>Einstrahlen von Schriften<\/li>\n<\/ul>\n<p><strong><a title=\"Bildgalerie Grabmal\" href=\"http:\/\/www.schwierenstein.de\/steinmanufaktur\/bildgalerie-grabmal\/\">Bildgalerie Grabmal<\/a><\/strong><\/p>\n<h5>Einzel- und Doppelgr\u00e4ber<\/h5>\n<p>Serienstein: Der Serienstein wird in seiner Grundform in Serie gefertigt. Jeder Stein ist jedoch ein Einzelst\u00fcck, da er in seiner nat\u00fcrlichen Farbgebung und Struktur variiert. Durch individuelle Gestaltungsm\u00f6glichkeiten wie Schriftart, Bronzen oder Ornamentik bekommt dieser zus\u00e4tzlich seine ganz pers\u00f6nliche Note.<\/p>\n<h5>Felsen und Findlinge<\/h5>\n<p>Von Natur aus sch\u00f6n. Aus dem Felsen gebrochen &#8211; von Wind und Wetter geschliffen. Felsen und Findlinge sind Steine deren Form durch die nat\u00fcrliche Formgebung bestimmt wird.<\/p>\n<h5>Aus dem Stein geschlagen<\/h5>\n<p>Das Material wird uns im Rohblock geliefert und nach Ihren Vorstellungen v\u00f6llig frei und individuell gestaltet. Hierbei sind gestalterischen Vorstellungen fast keine Grenzen gesetzt. Wir fertigen f\u00fcr Sie einen absolut einmaligen Gedenkstein.<\/p>\n<h5>Urnenwahlgr\u00e4ber, pflegefreie Grabkammern &amp; Urnengrabst\u00e4tten<\/h5>\n<p>Wir bieten Ihnen eine Vielzahl an Materialen, Formen, Schriftarten und Bronzen f\u00fcr eine individuelle Gestaltung von Urnenwahlgr\u00e4bern, Pflegefreien Grabkammern und Urnengrabst\u00e4tten.<\/p>\n","protected":false},"excerpt":{"rendered":"<p>Jedes Leben schreibt seine eigene Geschichte. Wir erz\u00e4hlen sie \u2013 in Stein, Schrift und Ornamentik. Bei uns finden Sie den passenden Stein f\u00fcr Ihre Grabst\u00e4tte. Wir bieten Ihnen eine Vielzahl an Materialien und Bearbeitungsvarianten. Wir beraten Sie pers\u00f6nlich und erstellen Ihnen ein kostenloses und unverbindliches Angebot. Besuchen Sie uns zu den allgemeinen \u00d6ffnungszeiten oder vereinbaren [&hellip;]<\/p>\n","protected":false},"author":1,"featured_media":0,"parent":0,"menu_order":0,"comment_status":"open","ping_status":"open","template":"","meta":[],"_links":{"self":[{"href":"https:\/\/www.schwierenstein.de\/steinmanufaktur\/wp-json\/wp\/v2\/pages\/6"}],"collection":[{"href":"https:\/\/www.schwierenstein.de\/steinmanufaktur\/wp-json\/wp\/v2\/pages"}],"about":[{"href":"https:\/\/www.schwierenstein.de\/steinmanufaktur\/wp-json\/wp\/v2\/types\/page"}],"author":[{"embeddable":true,"href":"https:\/\/www.schwierenstein.de\/steinmanufaktur\/wp-json\/wp\/v2\/users\/1"}],"replies":[{"embeddable":true,"href":"https:\/\/www.schwierenstein.de\/steinmanufaktur\/wp-json\/wp\/v2\/comments?post=6"}],"version-history":[{"count":36,"href":"https:\/\/www.schwierenstein.de\/steinmanufaktur\/wp-json\/wp\/v2\/pages\/6\/revisions"}],"predecessor-version":[{"id":612,"href":"https:\/\/www.schwierenstein.de\/steinmanufaktur\/wp-json\/wp\/v2\/pages\/6\/revisions\/612"}],"wp:attachment":[{"href":"https:\/\/www.schwierenstein.de\/steinmanufaktur\/wp-json\/wp\/v2\/media?parent=6"}],"curies":[{"name":"wp","href":"https:\/\/api.w.org\/{rel}","templated":true}]}}