{"id":15303,"date":"2015-11-27T11:12:00","date_gmt":"2015-11-27T11:12:00","guid":{"rendered":"http:\/\/uniconxml.mintithemes.com\/?page_id=15279"},"modified":"2017-03-17T19:57:20","modified_gmt":"2017-03-17T18:57:20","slug":"referenzen-restaurierung","status":"publish","type":"page","link":"https:\/\/www.schwierenstein.de\/steinmetzwerkstaetten\/referenzen-restaurierung\/","title":{"rendered":"Referenzen"},"content":{"rendered":"<section class=\"wpb-content-wrapper\"><p>[vc_row][vc_column width=&#8220;1\/1&#8243;][vc_column_text]<\/p>\n<div><\/div>\n<p>[\/vc_column_text][\/vc_column][\/vc_row][vc_row][vc_column animation=&#8220;fade-in-from-right&#8220; width=&#8220;1\/1&#8243;][vc_column_text]<\/p>\n<h3>Schwieren Steinmetzwerkst\u00e4tten \u2013 ein Name, viele Projekte.<\/h3>\n<p>Bereits viele Unternehmen, Bautr\u00e4ger und Architekten haben uns mit der Durchf\u00fchrung von Sanierungs- und Konservierungsarbeiten im Bereich Naturstein und mineralischen Baustoffen betreut. Im Folgenden finden Sie einen Auszug abgeschlossener Projekte:[\/vc_column_text][\/vc_column][\/vc_row][vc_row][vc_column animation=&#8220;fade-in-from-right&#8220; width=&#8220;1\/1&#8243;]<div class=\"latest-blog style-grey\"\"><div class=\"blog-carousel\"><div class=\"blog-item\"><a href=\"https:\/\/www.schwierenstein.de\/steinmetzwerkstaetten\/restaurierung-st-joseph-in-koeln-ehrenfeld\/\" title=\"Restaurierung St. Joseph in K\u00f6ln Ehrenfeld\" class=\"blog-pic\"><img src=\"https:\/\/www.schwierenstein.de\/steinmetzwerkstaetten\/wp-content\/uploads\/2019\/09\/st-joseph-koeln-b-600x400.jpg\" alt=\"Restaurierung St. Joseph in K\u00f6ln Ehrenfeld\" \/><span class=\"blog-overlay\"><\/span><i class=\"fa fa-align-left\"><\/i><\/a><div class=\"blog-item-description\">\n\t\t\t\t\t\t\t<h4><a href=\"https:\/\/www.schwierenstein.de\/steinmetzwerkstaetten\/restaurierung-st-joseph-in-koeln-ehrenfeld\/\" title=\"Restaurierung St. Joseph in K\u00f6ln Ehrenfeld\">Restaurierung St. Joseph in K\u00f6ln Ehrenfeld<\/a><\/h4>\n\t\t\t\t\t  \t\t<div>St. Joseph in K\u00f6ln Ehrenfeld wird die kommenden Monate restauriert. Die Schwieren Steinmetzwerkst\u00e4tten werden die Werksteinarbeiten des Turms und des... <a class=\"read-more-link\" href=\"https:\/\/www.schwierenstein.de\/steinmetzwerkstaetten\/restaurierung-st-joseph-in-koeln-ehrenfeld\/\">read more  &rarr;<\/a><\/div>\n\t\t\t\t\t  \t\t<span>8. September 2019<\/span>\n\t\t\t\t  \t\t<\/div><\/div><div class=\"blog-item\"><a href=\"https:\/\/www.schwierenstein.de\/steinmetzwerkstaetten\/sicherungsmassnahmen-an-der-hardtburg\/\" title=\"Sicherungsma\u00dfnahmen an der Hardtburg\" class=\"blog-pic\"><img src=\"https:\/\/www.schwierenstein.de\/steinmetzwerkstaetten\/wp-content\/uploads\/2019\/06\/Hardtburg-591x400.jpg\" alt=\"Sicherungsma\u00dfnahmen an der Hardtburg\" \/><span class=\"blog-overlay\"><\/span><i class=\"fa fa-align-left\"><\/i><\/a><div class=\"blog-item-description\">\n\t\t\t\t\t\t\t<h4><a href=\"https:\/\/www.schwierenstein.de\/steinmetzwerkstaetten\/sicherungsmassnahmen-an-der-hardtburg\/\" title=\"Sicherungsma\u00dfnahmen an der Hardtburg\">Sicherungsma\u00dfnahmen an der Hardtburg<\/a><\/h4>\n\t\t\t\t\t  \t\t<div>Die Arbeiten f\u00fcr die Sicherung an der Hardtburg haben mit Musterfl\u00e4chen begonnen. In enger Abstimmung mit der Denkmalpflege wurden M\u00f6rtelproben... <a class=\"read-more-link\" href=\"https:\/\/www.schwierenstein.de\/steinmetzwerkstaetten\/sicherungsmassnahmen-an-der-hardtburg\/\">read more  &rarr;<\/a><\/div>\n\t\t\t\t\t  \t\t<span>3. Mai 2019<\/span>\n\t\t\t\t  \t\t<\/div><\/div><div class=\"blog-item\"><a href=\"https:\/\/www.schwierenstein.de\/steinmetzwerkstaetten\/pfarrkirche-st-georg-in-euskirchen-putz-und-natursteinarbeiten\/\" title=\"Pfarrkirche St. Georg in Euskirchen &#8211; Putz- und Natursteinarbeiten\" class=\"blog-pic\"><img src=\"https:\/\/www.schwierenstein.de\/steinmetzwerkstaetten\/wp-content\/uploads\/2017\/06\/Pfarrkirche-st-Georg-Ostansicht-e1497444521475-600x400.jpg\" alt=\"Pfarrkirche St. Georg in Euskirchen &#8211; Putz- und Natursteinarbeiten\" \/><span class=\"blog-overlay\"><\/span><i class=\"fa fa-align-left\"><\/i><\/a><div class=\"blog-item-description\">\n\t\t\t\t\t\t\t<h4><a href=\"https:\/\/www.schwierenstein.de\/steinmetzwerkstaetten\/pfarrkirche-st-georg-in-euskirchen-putz-und-natursteinarbeiten\/\" title=\"Pfarrkirche St. Georg in Euskirchen &#8211; Putz- und Natursteinarbeiten\">Pfarrkirche St. Georg in Euskirchen &#8211; Putz- und Natursteinarbeiten<\/a><\/h4>\n\t\t\t\t\t  \t\t<div>[vc_row][vc_column][vc_column_text] Objektbeschreibung: Es handelt sich bei der innerhalb der alten Friedhofsmauer (1643) gelegenen Kirche um eine unregelm\u00e4\u00dfige dreischiffige Bruchsteinanlage mit... <a class=\"read-more-link\" href=\"https:\/\/www.schwierenstein.de\/steinmetzwerkstaetten\/pfarrkirche-st-georg-in-euskirchen-putz-und-natursteinarbeiten\/\">read more  &rarr;<\/a><\/div>\n\t\t\t\t\t  \t\t<span>14. Juni 2016<\/span>\n\t\t\t\t  \t\t<\/div><\/div><div class=\"blog-item\"><a href=\"https:\/\/www.schwierenstein.de\/steinmetzwerkstaetten\/folkwang-universitaet-der-kuenste-kernsanierung-torgebaeude\/\" title=\"Folkwang Universit\u00e4t der K\u00fcnste &#8211; Kernsanierung Torgeb\u00e4ude\" class=\"blog-pic\"><img src=\"https:\/\/www.schwierenstein.de\/steinmetzwerkstaetten\/wp-content\/uploads\/2017\/06\/uni-folkwang-600x400.jpg\" alt=\"Folkwang Universit\u00e4t der K\u00fcnste &#8211; Kernsanierung Torgeb\u00e4ude\" \/><span class=\"blog-overlay\"><\/span><i class=\"fa fa-align-left\"><\/i><\/a><div class=\"blog-item-description\">\n\t\t\t\t\t\t\t<h4><a href=\"https:\/\/www.schwierenstein.de\/steinmetzwerkstaetten\/folkwang-universitaet-der-kuenste-kernsanierung-torgebaeude\/\" title=\"Folkwang Universit\u00e4t der K\u00fcnste &#8211; Kernsanierung Torgeb\u00e4ude\">Folkwang Universit\u00e4t der K\u00fcnste &#8211; Kernsanierung Torgeb\u00e4ude<\/a><\/h4>\n\t\t\t\t\t  \t\t<div>[vc_row][vc_column][vc_column_text]Die Fassaden des Torhauses wiesen an s\u00e4mtlichen Natursteinelementen des Mittelrisalits, bestehend aus Ruhrsandstein, starke Sch\u00e4den auf, welche zwingend Handlungsbedarf erforderten.... <a class=\"read-more-link\" href=\"https:\/\/www.schwierenstein.de\/steinmetzwerkstaetten\/folkwang-universitaet-der-kuenste-kernsanierung-torgebaeude\/\">read more  &rarr;<\/a><\/div>\n\t\t\t\t\t  \t\t<span>15. August 2015<\/span>\n\t\t\t\t  \t\t<\/div><\/div><div class=\"blog-item\"><a href=\"https:\/\/www.schwierenstein.de\/steinmetzwerkstaetten\/restaurierung-sankt-mauritius-koeln\/\" title=\"Restaurierung Sankt-Mauritius K\u00f6ln\" class=\"blog-pic\"><img src=\"https:\/\/www.schwierenstein.de\/steinmetzwerkstaetten\/wp-content\/uploads\/2017\/03\/IMG_3114-b-600x400.jpg\" alt=\"Restaurierung Sankt-Mauritius K\u00f6ln\" \/><span class=\"blog-overlay\"><\/span><i class=\"fa fa-align-left\"><\/i><\/a><div class=\"blog-item-description\">\n\t\t\t\t\t\t\t<h4><a href=\"https:\/\/www.schwierenstein.de\/steinmetzwerkstaetten\/restaurierung-sankt-mauritius-koeln\/\" title=\"Restaurierung Sankt-Mauritius K\u00f6ln\">Restaurierung Sankt-Mauritius K\u00f6ln<\/a><\/h4>\n\t\t\t\t\t  \t\t<div>Kirche St. Mauritius: Die Pfarrkirche St. Mauritius in K\u00f6ln wurde erstmals im Jahr\u00a01135 erw\u00e4hnt. Das Bauwerk steht auf dem nach... <a class=\"read-more-link\" href=\"https:\/\/www.schwierenstein.de\/steinmetzwerkstaetten\/restaurierung-sankt-mauritius-koeln\/\">read more  &rarr;<\/a><\/div>\n\t\t\t\t\t  \t\t<span>15. Mai 2013<\/span>\n\t\t\t\t  \t\t<\/div><\/div><div class=\"blog-item\"><a href=\"https:\/\/www.schwierenstein.de\/steinmetzwerkstaetten\/restaurierung-godesburg-bonn\/\" title=\"Restaurierung Godesburg Bonn\" class=\"blog-pic\"><img src=\"https:\/\/www.schwierenstein.de\/steinmetzwerkstaetten\/wp-content\/uploads\/2016\/07\/godesburg-bonn.jpg\" alt=\"Restaurierung Godesburg Bonn\" \/><span class=\"blog-overlay\"><\/span><i class=\"fa fa-align-left\"><\/i><\/a><div class=\"blog-item-description\">\n\t\t\t\t\t\t\t<h4><a href=\"https:\/\/www.schwierenstein.de\/steinmetzwerkstaetten\/restaurierung-godesburg-bonn\/\" title=\"Restaurierung Godesburg Bonn\">Restaurierung Godesburg Bonn<\/a><\/h4>\n\t\t\t\t\t  \t\t<div>Die Godesburg befindet sich im Bonner Ortsteil Alt-Godesberg im Stadtbezirk Bad Godesberg. Die Grundsteinlegung erfolgte 1210 durch den K\u00f6lner Erzbischof... <a class=\"read-more-link\" href=\"https:\/\/www.schwierenstein.de\/steinmetzwerkstaetten\/restaurierung-godesburg-bonn\/\">read more  &rarr;<\/a><\/div>\n\t\t\t\t\t  \t\t<span>1. Oktober 2012<\/span>\n\t\t\t\t  \t\t<\/div><\/div><\/div><\/div><div class=\"clear\"><\/div>[\/vc_column][\/vc_row]<\/p>\n<\/section>","protected":false},"excerpt":{"rendered":"<p>[vc_row][vc_column width=&#8220;1\/1&#8243;][vc_column_text] [\/vc_column_text][\/vc_column][\/vc_row][vc_row][vc_column animation=&#8220;fade-in-from-right&#8220; width=&#8220;1\/1&#8243;][vc_column_text] Schwieren Steinmetzwerkst\u00e4tten \u2013 ein Name, viele Projekte. Bereits viele Unternehmen, Bautr\u00e4ger und Architekten haben uns mit der Durchf\u00fchrung von Sanierungs- und Konservierungsarbeiten im Bereich Naturstein und mineralischen Baustoffen betreut. Im Folgenden finden Sie einen Auszug abgeschlossener Projekte:[\/vc_column_text][\/vc_column][\/vc_row][vc_row][vc_column animation=&#8220;fade-in-from-right&#8220; width=&#8220;1\/1&#8243;][\/vc_column][\/vc_row]<\/p>\n","protected":false},"author":1,"featured_media":0,"parent":0,"menu_order":0,"comment_status":"closed","ping_status":"closed","template":"","meta":{"_bbp_topic_count":0,"_bbp_reply_count":0,"_bbp_total_topic_count":0,"_bbp_total_reply_count":0,"_bbp_voice_count":0,"_bbp_anonymous_reply_count":0,"_bbp_topic_count_hidden":0,"_bbp_reply_count_hidden":0,"_bbp_forum_subforum_count":0},"_links":{"self":[{"href":"https:\/\/www.schwierenstein.de\/steinmetzwerkstaetten\/wp-json\/wp\/v2\/pages\/15303"}],"collection":[{"href":"https:\/\/www.schwierenstein.de\/steinmetzwerkstaetten\/wp-json\/wp\/v2\/pages"}],"about":[{"href":"https:\/\/www.schwierenstein.de\/steinmetzwerkstaetten\/wp-json\/wp\/v2\/types\/page"}],"author":[{"embeddable":true,"href":"https:\/\/www.schwierenstein.de\/steinmetzwerkstaetten\/wp-json\/wp\/v2\/users\/1"}],"replies":[{"embeddable":true,"href":"https:\/\/www.schwierenstein.de\/steinmetzwerkstaetten\/wp-json\/wp\/v2\/comments?post=15303"}],"version-history":[{"count":38,"href":"https:\/\/www.schwierenstein.de\/steinmetzwerkstaetten\/wp-json\/wp\/v2\/pages\/15303\/revisions"}],"predecessor-version":[{"id":16520,"href":"https:\/\/www.schwierenstein.de\/steinmetzwerkstaetten\/wp-json\/wp\/v2\/pages\/15303\/revisions\/16520"}],"wp:attachment":[{"href":"https:\/\/www.schwierenstein.de\/steinmetzwerkstaetten\/wp-json\/wp\/v2\/media?parent=15303"}],"curies":[{"name":"wp","href":"https:\/\/api.w.org\/{rel}","templated":true}]}}