{"id":15776,"date":"2016-05-27T01:24:22","date_gmt":"2016-05-26T23:24:22","guid":{"rendered":"http:\/\/www.schwierenstein.de\/schwieren2\/?page_id=15776"},"modified":"2017-05-22T16:19:19","modified_gmt":"2017-05-22T14:19:19","slug":"restaurierung-konservierung","status":"publish","type":"page","link":"https:\/\/www.schwierenstein.de\/steinmetzwerkstaetten\/","title":{"rendered":"Restaurierung &#038; Konservierung"},"content":{"rendered":"<section class=\"wpb-content-wrapper\"><p>[vc_row type=&#8220;full_width_section&#8220;][vc_column width=&#8220;1\/1&#8243;][vc_column_text][\/vc_column_text][\/vc_column][\/vc_row][vc_row][vc_column width=&#8220;1\/1&#8243;][vc_column_text]<\/p>\n<h3><strong>Mit Tradition in die Zukunft<\/strong><\/h3>\n<p style=\"text-align: left;\">Seit \u00fcber 100 Jahren und 5 Generationen in Stein gemeisselt. Bereits 1905 beginnt die Steinmetzgeschichte der Familie, mit der im Jahr 2010 durch Jan Schwieren (Steinmetz und Steinbildhauermeister) gegr\u00fcndeten Steinmetzwerkst\u00e4tten GmbH wurde das Familienunternehmen neu und zukunftsorientiert aufgestellt. Vor allem im Bereich der Restaurierung und Konservierung historischer Bausubstanz hat sich das Unternehmen bundesweit einen Namen gemacht.<\/p>\n<p>[\/vc_column_text][\/vc_column][\/vc_row][vc_row equal_height=&#8220;yes&#8220; content_placement=&#8220;middle&#8220; top_padding=&#8220;20&#8243; bottom_padding=&#8220;0&#8243;][vc_column animation=&#8220;fade-in-from-right&#8220; width=&#8220;2\/3&#8243;]<div class=\"newdivider align-center\" style=\"border-bottom-style: solid; border-color: #e8e8e8; border-bottom-width: 1px; margin-top: 0; margin-bottom: 10; width: 100%; \"><\/div><div class=\"clear\"><\/div><div class=\"spacer\" style=\"height: 20px;\"><\/div>[vc_column_text]<\/p>\n<p style=\"text-align: center;\"><em>&#8222;Wir gestalten Neues und erhalten Historisches. Dabei kombinieren wir traditionelles Steinmetzhandwerk mit modernsten Fertigungstechniken.&#8220;<\/em><\/p>\n<p style=\"text-align: center;\"><em>Jan Schwieren \/ Inhaber Schwieren Steinmetzwerkst\u00e4tten GmbH<\/em><\/p>\n<p>[\/vc_column_text]<div class=\"newdivider align-center\" style=\"border-bottom-style: solid; border-color: #e8e8e8; border-bottom-width: 1px; margin-top: 0; margin-bottom: 0; width: 100%; \"><\/div><div class=\"clear\"><\/div>[\/vc_column][vc_column animation=&#8220;fade-in-from-right&#8220; width=&#8220;1\/3&#8243;]<div class=\"single_image wpb_content_element align-right  image_box_rounded \" data-animation=\"none\" data-delay=\"0\"><img width=\"300\" height=\"199\" src=\"https:\/\/www.schwierenstein.de\/steinmetzwerkstaetten\/wp-content\/uploads\/2016\/05\/445B1343-2-300x199.jpg\" class=\"attachment-medium\" alt=\"\" decoding=\"async\" loading=\"lazy\" title=\"445b1343-2\" srcset=\"https:\/\/www.schwierenstein.de\/steinmetzwerkstaetten\/wp-content\/uploads\/2016\/05\/445B1343-2-300x199.jpg 300w, https:\/\/www.schwierenstein.de\/steinmetzwerkstaetten\/wp-content\/uploads\/2016\/05\/445B1343-2-600x399.jpg 600w, https:\/\/www.schwierenstein.de\/steinmetzwerkstaetten\/wp-content\/uploads\/2016\/05\/445B1343-2-768x511.jpg 768w, https:\/\/www.schwierenstein.de\/steinmetzwerkstaetten\/wp-content\/uploads\/2016\/05\/445B1343-2-1024x681.jpg 1024w\" sizes=\"(max-width: 300px) 100vw, 300px\" \/><\/div>[\/vc_column][\/vc_row][vc_row][vc_column width=&#8220;1\/1&#8243;]<div class=\"spacer\" style=\"height: 20px;\"><\/div>[\/vc_column][\/vc_row][vc_row][vc_column animation=&#8220;fade-in-from-left&#8220; width=&#8220;1\/1&#8243;][vc_column_text]<\/p>\n<h3><strong>Unsere Projekte<\/strong><\/h3>\n<p>[\/vc_column_text][\/vc_column][\/vc_row][vc_row][vc_column animation=&#8220;fade-in-from-left&#8220; width=&#8220;1\/1&#8243;]<div class=\"latest-blog style-grey\"\"><div class=\"blog-carousel\"><div class=\"blog-item\"><a href=\"https:\/\/www.schwierenstein.de\/steinmetzwerkstaetten\/restaurierung-st-joseph-in-koeln-ehrenfeld\/\" title=\"Restaurierung St. Joseph in K\u00f6ln Ehrenfeld\" class=\"blog-pic\"><img src=\"https:\/\/www.schwierenstein.de\/steinmetzwerkstaetten\/wp-content\/uploads\/2019\/09\/st-joseph-koeln-b-600x400.jpg\" alt=\"Restaurierung St. Joseph in K\u00f6ln Ehrenfeld\" \/><span class=\"blog-overlay\"><\/span><i class=\"fa fa-align-left\"><\/i><\/a><div class=\"blog-item-description\">\n\t\t\t\t\t\t\t<h4><a href=\"https:\/\/www.schwierenstein.de\/steinmetzwerkstaetten\/restaurierung-st-joseph-in-koeln-ehrenfeld\/\" title=\"Restaurierung St. Joseph in K\u00f6ln Ehrenfeld\">Restaurierung St. Joseph in K\u00f6ln Ehrenfeld<\/a><\/h4>\n\t\t\t\t\t  \t\t<div>St. Joseph in K\u00f6ln Ehrenfeld wird die kommenden Monate restauriert. Die Schwieren Steinmetzwerkst\u00e4tten werden die Werksteinarbeiten des Turms und des... <a class=\"read-more-link\" href=\"https:\/\/www.schwierenstein.de\/steinmetzwerkstaetten\/restaurierung-st-joseph-in-koeln-ehrenfeld\/\">read more  &rarr;<\/a><\/div>\n\t\t\t\t\t  \t\t<span>8. September 2019<\/span>\n\t\t\t\t  \t\t<\/div><\/div><div class=\"blog-item\"><a href=\"https:\/\/www.schwierenstein.de\/steinmetzwerkstaetten\/restaurierungsarbeiten-poppelsdorfer-schloss\/\" title=\"Restaurierungsarbeiten Poppelsdorfer Schloss\" class=\"blog-pic\"><img src=\"https:\/\/www.schwierenstein.de\/steinmetzwerkstaetten\/wp-content\/uploads\/2019\/06\/Poppelsdorfer-Schloss-600x400.jpg\" alt=\"Restaurierungsarbeiten Poppelsdorfer Schloss\" \/><span class=\"blog-overlay\"><\/span><i class=\"fa fa-align-left\"><\/i><\/a><div class=\"blog-item-description\">\n\t\t\t\t\t\t\t<h4><a href=\"https:\/\/www.schwierenstein.de\/steinmetzwerkstaetten\/restaurierungsarbeiten-poppelsdorfer-schloss\/\" title=\"Restaurierungsarbeiten Poppelsdorfer Schloss\">Restaurierungsarbeiten Poppelsdorfer Schloss<\/a><\/h4>\n\t\t\t\t\t  \t\t<div>F\u00fcr die n\u00e4chsten zwei Jahre laufen die Arbeiten am Poppelsdorfer Schloss. Es werden Sicherungs- und Restaurierungsarbeiten ausgef\u00fchrt.<\/div>\n\t\t\t\t\t  \t\t<span>17. Juni 2019<\/span>\n\t\t\t\t  \t\t<\/div><\/div><div class=\"blog-item\"><a href=\"https:\/\/www.schwierenstein.de\/steinmetzwerkstaetten\/st-pantaleon-bestandsuntersuchung-der-schreine\/\" title=\"St. Pantaleon &#8211; Bestandsuntersuchung der Schreine\" class=\"blog-pic\"><img src=\"https:\/\/www.schwierenstein.de\/steinmetzwerkstaetten\/wp-content\/uploads\/2019\/06\/St-Pantaleon-600x400.jpg\" alt=\"St. Pantaleon &#8211; Bestandsuntersuchung der Schreine\" \/><span class=\"blog-overlay\"><\/span><i class=\"fa fa-align-left\"><\/i><\/a><div class=\"blog-item-description\">\n\t\t\t\t\t\t\t<h4><a href=\"https:\/\/www.schwierenstein.de\/steinmetzwerkstaetten\/st-pantaleon-bestandsuntersuchung-der-schreine\/\" title=\"St. Pantaleon &#8211; Bestandsuntersuchung der Schreine\">St. Pantaleon &#8211; Bestandsuntersuchung der Schreine<\/a><\/h4>\n\t\t\t\t\t  \t\t<div>Zur Bestandsuntersuchung der Schreine in St. Pantaleon wurden diese aus den Schutzvitrinen herausgenommen und von der Goldschmiedewerkstatt des K\u00f6lner Doms... <a class=\"read-more-link\" href=\"https:\/\/www.schwierenstein.de\/steinmetzwerkstaetten\/st-pantaleon-bestandsuntersuchung-der-schreine\/\">read more  &rarr;<\/a><\/div>\n\t\t\t\t\t  \t\t<span>12. Juni 2019<\/span>\n\t\t\t\t  \t\t<\/div><\/div><div class=\"blog-item\"><a href=\"https:\/\/www.schwierenstein.de\/steinmetzwerkstaetten\/vierter-bauabschnitt-christuskirche-leverkusen\/\" title=\"Vierter Bauabschnitt Christuskirche Leverkusen\" class=\"blog-pic\"><img src=\"https:\/\/www.schwierenstein.de\/steinmetzwerkstaetten\/wp-content\/uploads\/2019\/06\/Christuskirche-Leverkusen-4Abschnitt-600x400.jpg\" alt=\"Vierter Bauabschnitt Christuskirche Leverkusen\" \/><span class=\"blog-overlay\"><\/span><i class=\"fa fa-align-left\"><\/i><\/a><div class=\"blog-item-description\">\n\t\t\t\t\t\t\t<h4><a href=\"https:\/\/www.schwierenstein.de\/steinmetzwerkstaetten\/vierter-bauabschnitt-christuskirche-leverkusen\/\" title=\"Vierter Bauabschnitt Christuskirche Leverkusen\">Vierter Bauabschnitt Christuskirche Leverkusen<\/a><\/h4>\n\t\t\t\t\t  \t\t<div>Der vierte Bauabschnitt an der Christuskirche Leverkusen-Wiesdorf hat begonnen.<\/div>\n\t\t\t\t\t  \t\t<span>7. Juni 2019<\/span>\n\t\t\t\t  \t\t<\/div><\/div><div class=\"blog-item\"><a href=\"https:\/\/www.schwierenstein.de\/steinmetzwerkstaetten\/turmsanierung-st-laurentius\/\" title=\"Turmsanierung St. Laurentius\" class=\"blog-pic\"><img src=\"https:\/\/www.schwierenstein.de\/steinmetzwerkstaetten\/wp-content\/uploads\/2019\/06\/St-Laurentius-600x400.jpg\" alt=\"Turmsanierung St. Laurentius\" \/><span class=\"blog-overlay\"><\/span><i class=\"fa fa-align-left\"><\/i><\/a><div class=\"blog-item-description\">\n\t\t\t\t\t\t\t<h4><a href=\"https:\/\/www.schwierenstein.de\/steinmetzwerkstaetten\/turmsanierung-st-laurentius\/\" title=\"Turmsanierung St. Laurentius\">Turmsanierung St. Laurentius<\/a><\/h4>\n\t\t\t\t\t  \t\t<div>Die Turmsanierung St. Laurentius hat begonnen. Nach Abschluss der Turmarbeiten erfolgt die Sanierung des Langhauses.<\/div>\n\t\t\t\t\t  \t\t<span>30. Mai 2019<\/span>\n\t\t\t\t  \t\t<\/div><\/div><div class=\"blog-item\"><a href=\"https:\/\/www.schwierenstein.de\/steinmetzwerkstaetten\/restaurierungsarbeiten-am-christus-brunnen-bonn\/\" title=\"Restaurierungsarbeiten am Christus Brunnen Bonn\" class=\"blog-pic\"><img src=\"https:\/\/www.schwierenstein.de\/steinmetzwerkstaetten\/wp-content\/uploads\/2019\/06\/Christus-Brunnen-Bonn-1-600x400.jpg\" alt=\"Restaurierungsarbeiten am Christus Brunnen Bonn\" \/><span class=\"blog-overlay\"><\/span><i class=\"fa fa-align-left\"><\/i><\/a><div class=\"blog-item-description\">\n\t\t\t\t\t\t\t<h4><a href=\"https:\/\/www.schwierenstein.de\/steinmetzwerkstaetten\/restaurierungsarbeiten-am-christus-brunnen-bonn\/\" title=\"Restaurierungsarbeiten am Christus Brunnen Bonn\">Restaurierungsarbeiten am Christus Brunnen Bonn<\/a><\/h4>\n\t\t\t\t\t  \t\t<div>Die Restaurierungsarbeiten am Christus Brunnen Bonn haben begonnen. F\u00fcr die restauratorischen Arbeiten wurden die Figuren demontiert und in die Werkstatt... <a class=\"read-more-link\" href=\"https:\/\/www.schwierenstein.de\/steinmetzwerkstaetten\/restaurierungsarbeiten-am-christus-brunnen-bonn\/\">read more  &rarr;<\/a><\/div>\n\t\t\t\t\t  \t\t<span>21. Mai 2019<\/span>\n\t\t\t\t  \t\t<\/div><\/div><div class=\"blog-item\"><a href=\"https:\/\/www.schwierenstein.de\/steinmetzwerkstaetten\/austauscharbeiten-krypta-st-georg\/\" title=\"Austauscharbeiten Krypta St. Georg\" class=\"blog-pic\"><img src=\"https:\/\/www.schwierenstein.de\/steinmetzwerkstaetten\/wp-content\/uploads\/2019\/06\/Krypta-St-Georg-3-600x400.jpg\" alt=\"Austauscharbeiten Krypta St. Georg\" \/><span class=\"blog-overlay\"><\/span><i class=\"fa fa-align-left\"><\/i><\/a><div class=\"blog-item-description\">\n\t\t\t\t\t\t\t<h4><a href=\"https:\/\/www.schwierenstein.de\/steinmetzwerkstaetten\/austauscharbeiten-krypta-st-georg\/\" title=\"Austauscharbeiten Krypta St. Georg\">Austauscharbeiten Krypta St. Georg<\/a><\/h4>\n\t\t\t\t\t  \t\t<div>In der Krypta St. Georg werden in Absprache mit der Bauforschung und Denkmalpflege defekte Pfeilerteile ausgewechselt. Zu den Sicherungs- und... <a class=\"read-more-link\" href=\"https:\/\/www.schwierenstein.de\/steinmetzwerkstaetten\/austauscharbeiten-krypta-st-georg\/\">read more  &rarr;<\/a><\/div>\n\t\t\t\t\t  \t\t<span>14. Mai 2019<\/span>\n\t\t\t\t  \t\t<\/div><\/div><div class=\"blog-item\"><a href=\"https:\/\/www.schwierenstein.de\/steinmetzwerkstaetten\/kuerassierreiter-wieder-auf-seinem-platz\/\" title=\"K\u00fcrassierreiter wieder auf seinem Platz\" class=\"blog-pic\"><img src=\"https:\/\/www.schwierenstein.de\/steinmetzwerkstaetten\/wp-content\/uploads\/2018\/11\/K\u00fcrassierreiter-Abschluss-B-e1543319270854-600x400.jpg\" alt=\"K\u00fcrassierreiter wieder auf seinem Platz\" \/><span class=\"blog-overlay\"><\/span><i class=\"fa fa-align-left\"><\/i><\/a><div class=\"blog-item-description\">\n\t\t\t\t\t\t\t<h4><a href=\"https:\/\/www.schwierenstein.de\/steinmetzwerkstaetten\/kuerassierreiter-wieder-auf-seinem-platz\/\" title=\"K\u00fcrassierreiter wieder auf seinem Platz\">K\u00fcrassierreiter wieder auf seinem Platz<\/a><\/h4>\n\t\t\t\t\t  \t\t<div>Nach Abschluss des Sockelwiederaufbaus konnte nun der K\u00fcrassierreiter wieder auf seinen alten Platz. Die historischen Werksteine wurden alle in der... <a class=\"read-more-link\" href=\"https:\/\/www.schwierenstein.de\/steinmetzwerkstaetten\/kuerassierreiter-wieder-auf-seinem-platz\/\">read more  &rarr;<\/a><\/div>\n\t\t\t\t\t  \t\t<span>26. November 2018<\/span>\n\t\t\t\t  \t\t<\/div><\/div><div class=\"blog-item\"><a href=\"https:\/\/www.schwierenstein.de\/steinmetzwerkstaetten\/couven-gymnasium-fassadenarbeiten-abgeschlossen\/\" title=\"Couven Gymnasium &#8211; Fassadenarbeiten abgeschlossen\" class=\"blog-pic\"><img src=\"https:\/\/www.schwierenstein.de\/steinmetzwerkstaetten\/wp-content\/uploads\/2018\/07\/couven.gymnasium_final-1-600x400.jpg\" alt=\"Couven Gymnasium &#8211; Fassadenarbeiten abgeschlossen\" \/><span class=\"blog-overlay\"><\/span><i class=\"fa fa-align-left\"><\/i><\/a><div class=\"blog-item-description\">\n\t\t\t\t\t\t\t<h4><a href=\"https:\/\/www.schwierenstein.de\/steinmetzwerkstaetten\/couven-gymnasium-fassadenarbeiten-abgeschlossen\/\" title=\"Couven Gymnasium &#8211; Fassadenarbeiten abgeschlossen\">Couven Gymnasium &#8211; Fassadenarbeiten abgeschlossen<\/a><\/h4>\n\t\t\t\t\t  \t\t<div>Die Fassadenarbeiten am ehemaligen Couven Gymnasium sind abgeschossen und die Fassade wurde wieder ausger\u00fcstet. Die restaurierten Fl\u00e4chen passen sich sehr... <a class=\"read-more-link\" href=\"https:\/\/www.schwierenstein.de\/steinmetzwerkstaetten\/couven-gymnasium-fassadenarbeiten-abgeschlossen\/\">read more  &rarr;<\/a><\/div>\n\t\t\t\t\t  \t\t<span>10. Juli 2018<\/span>\n\t\t\t\t  \t\t<\/div><\/div><div class=\"blog-item\"><a href=\"https:\/\/www.schwierenstein.de\/steinmetzwerkstaetten\/altenberger-dom-letzte-mauerarbeiten\/\" title=\"Altenberger Dom &#8211; letzte Mauerarbeiten\" class=\"blog-pic\"><img src=\"https:\/\/www.schwierenstein.de\/steinmetzwerkstaetten\/wp-content\/uploads\/2018\/05\/Altenberger-Dom_B-600x400.jpg\" alt=\"Altenberger Dom &#8211; letzte Mauerarbeiten\" \/><span class=\"blog-overlay\"><\/span><i class=\"fa fa-align-left\"><\/i><\/a><div class=\"blog-item-description\">\n\t\t\t\t\t\t\t<h4><a href=\"https:\/\/www.schwierenstein.de\/steinmetzwerkstaetten\/altenberger-dom-letzte-mauerarbeiten\/\" title=\"Altenberger Dom &#8211; letzte Mauerarbeiten\">Altenberger Dom &#8211; letzte Mauerarbeiten<\/a><\/h4>\n\t\t\t\t\t  \t\t<div>Die letzten Mauerarbeiten am Altenberger Dom werden ausgef\u00fchrt, im Mai erfolgt dann das Verfugen der Immunit\u00e4tsmauer im Trockenspritzverfahren.<\/div>\n\t\t\t\t\t  \t\t<span>25. April 2018<\/span>\n\t\t\t\t  \t\t<\/div><\/div><div class=\"blog-item\"><a href=\"https:\/\/www.schwierenstein.de\/steinmetzwerkstaetten\/st-mariae-empfaengnis-restaurierung-nordseite\/\" title=\"St. Mari\u00e4 Empf\u00e4ngnis &#8211; Restaurierung Nordseite\" class=\"blog-pic\"><img src=\"https:\/\/www.schwierenstein.de\/steinmetzwerkstaetten\/wp-content\/uploads\/2017\/02\/St-Mariae-Empfaengnis-600x400.jpg\" alt=\"St. Mari\u00e4 Empf\u00e4ngnis &#8211; Restaurierung Nordseite\" \/><span class=\"blog-overlay\"><\/span><i class=\"fa fa-align-left\"><\/i><\/a><div class=\"blog-item-description\">\n\t\t\t\t\t\t\t<h4><a href=\"https:\/\/www.schwierenstein.de\/steinmetzwerkstaetten\/st-mariae-empfaengnis-restaurierung-nordseite\/\" title=\"St. Mari\u00e4 Empf\u00e4ngnis &#8211; Restaurierung Nordseite\">St. Mari\u00e4 Empf\u00e4ngnis &#8211; Restaurierung Nordseite<\/a><\/h4>\n\t\t\t\t\t  \t\t<div>[vc_row][vc_column width=\"1\/1\"][vc_column_text]Mit der Restaurierung der gesamten Nordseite von St. Mari\u00e4 Empf\u00e4ngnis startete 2016 in D\u00fcsseldorf ein neues Projekt der Schwieren... <a class=\"read-more-link\" href=\"https:\/\/www.schwierenstein.de\/steinmetzwerkstaetten\/st-mariae-empfaengnis-restaurierung-nordseite\/\">read more  &rarr;<\/a><\/div>\n\t\t\t\t\t  \t\t<span>22. Mai 2017<\/span>\n\t\t\t\t  \t\t<\/div><\/div><div class=\"blog-item\"><a href=\"https:\/\/www.schwierenstein.de\/steinmetzwerkstaetten\/couvengymnasium-rwth-aachen-mauerwerks-u-naturwerksteinsanierung\/\" title=\"Couven Gymnasium RWTH Aachen &#8211; Mauerwerks- u. Naturwerkstein-Sanierung\" class=\"blog-pic\"><img src=\"https:\/\/www.schwierenstein.de\/steinmetzwerkstaetten\/wp-content\/uploads\/2017\/02\/Couvengymnasium-RWTH-Aachen-1-600x400.jpg\" alt=\"Couven Gymnasium RWTH Aachen &#8211; Mauerwerks- u. Naturwerkstein-Sanierung\" \/><span class=\"blog-overlay\"><\/span><i class=\"fa fa-align-left\"><\/i><\/a><div class=\"blog-item-description\">\n\t\t\t\t\t\t\t<h4><a href=\"https:\/\/www.schwierenstein.de\/steinmetzwerkstaetten\/couvengymnasium-rwth-aachen-mauerwerks-u-naturwerksteinsanierung\/\" title=\"Couven Gymnasium RWTH Aachen &#8211; Mauerwerks- u. Naturwerkstein-Sanierung\">Couven Gymnasium RWTH Aachen &#8211; Mauerwerks- u. Naturwerkstein-Sanierung<\/a><\/h4>\n\t\t\t\t\t  \t\t<div>[vc_row][vc_column][vc_column_text]Die Schwieren Steinmetzwerkst\u00e4tten in Aachen. Am Couven Gymnasium RWTH Aachen begannen diese Woche die Arbeiten zur Mauerwerks- u. Naturwerksteinsanierung. Im... <a class=\"read-more-link\" href=\"https:\/\/www.schwierenstein.de\/steinmetzwerkstaetten\/couvengymnasium-rwth-aachen-mauerwerks-u-naturwerksteinsanierung\/\">read more  &rarr;<\/a><\/div>\n\t\t\t\t\t  \t\t<span>31. Januar 2017<\/span>\n\t\t\t\t  \t\t<\/div><\/div><div class=\"blog-item\"><a href=\"https:\/\/www.schwierenstein.de\/steinmetzwerkstaetten\/pfarrkirche-st-georg-in-euskirchen-putz-und-natursteinarbeiten\/\" title=\"Pfarrkirche St. Georg in Euskirchen &#8211; Putz- und Natursteinarbeiten\" class=\"blog-pic\"><img src=\"https:\/\/www.schwierenstein.de\/steinmetzwerkstaetten\/wp-content\/uploads\/2017\/06\/Pfarrkirche-st-Georg-Ostansicht-e1497444521475-600x400.jpg\" alt=\"Pfarrkirche St. Georg in Euskirchen &#8211; Putz- und Natursteinarbeiten\" \/><span class=\"blog-overlay\"><\/span><i class=\"fa fa-align-left\"><\/i><\/a><div class=\"blog-item-description\">\n\t\t\t\t\t\t\t<h4><a href=\"https:\/\/www.schwierenstein.de\/steinmetzwerkstaetten\/pfarrkirche-st-georg-in-euskirchen-putz-und-natursteinarbeiten\/\" title=\"Pfarrkirche St. Georg in Euskirchen &#8211; Putz- und Natursteinarbeiten\">Pfarrkirche St. Georg in Euskirchen &#8211; Putz- und Natursteinarbeiten<\/a><\/h4>\n\t\t\t\t\t  \t\t<div>[vc_row][vc_column][vc_column_text] Objektbeschreibung: Es handelt sich bei der innerhalb der alten Friedhofsmauer (1643) gelegenen Kirche um eine unregelm\u00e4\u00dfige dreischiffige Bruchsteinanlage mit... <a class=\"read-more-link\" href=\"https:\/\/www.schwierenstein.de\/steinmetzwerkstaetten\/pfarrkirche-st-georg-in-euskirchen-putz-und-natursteinarbeiten\/\">read more  &rarr;<\/a><\/div>\n\t\t\t\t\t  \t\t<span>14. Juni 2016<\/span>\n\t\t\t\t  \t\t<\/div><\/div><div class=\"blog-item\"><a href=\"https:\/\/www.schwierenstein.de\/steinmetzwerkstaetten\/sanierung-des-kortumhauses-in-bochum\/\" title=\"Sanierung des Kortumhauses in Bochum\" class=\"blog-pic\"><img src=\"https:\/\/www.schwierenstein.de\/steinmetzwerkstaetten\/wp-content\/uploads\/2016\/07\/kortumhaus-600x400.jpg\" alt=\"Sanierung des Kortumhauses in Bochum\" \/><span class=\"blog-overlay\"><\/span><i class=\"fa fa-align-left\"><\/i><\/a><div class=\"blog-item-description\">\n\t\t\t\t\t\t\t<h4><a href=\"https:\/\/www.schwierenstein.de\/steinmetzwerkstaetten\/sanierung-des-kortumhauses-in-bochum\/\" title=\"Sanierung des Kortumhauses in Bochum\">Sanierung des Kortumhauses in Bochum<\/a><\/h4>\n\t\t\t\t\t  \t\t<div>Nachdem das Geb\u00e4ude im Zentrum der Stadt Ende des vergangenen Jahres aus Sicherheitsgr\u00fcnden rundum einger\u00fcstet worden war, beginnen nun die... <a class=\"read-more-link\" href=\"https:\/\/www.schwierenstein.de\/steinmetzwerkstaetten\/sanierung-des-kortumhauses-in-bochum\/\">read more  &rarr;<\/a><\/div>\n\t\t\t\t\t  \t\t<span>5. April 2016<\/span>\n\t\t\t\t  \t\t<\/div><\/div><div class=\"blog-item\"><a href=\"https:\/\/www.schwierenstein.de\/steinmetzwerkstaetten\/meeresgott-bekommt-neue-hand\/\" title=\"Tritonenbrunnen &#8211; Meeresgott bekommt neue Hand\" class=\"blog-pic\"><img src=\"https:\/\/www.schwierenstein.de\/steinmetzwerkstaetten\/wp-content\/uploads\/2016\/07\/meeresgott_hand-600x400.jpg\" alt=\"Tritonenbrunnen &#8211; Meeresgott bekommt neue Hand\" \/><span class=\"blog-overlay\"><\/span><i class=\"fa fa-align-left\"><\/i><\/a><div class=\"blog-item-description\">\n\t\t\t\t\t\t\t<h4><a href=\"https:\/\/www.schwierenstein.de\/steinmetzwerkstaetten\/meeresgott-bekommt-neue-hand\/\" title=\"Tritonenbrunnen &#8211; Meeresgott bekommt neue Hand\">Tritonenbrunnen &#8211; Meeresgott bekommt neue Hand<\/a><\/h4>\n\t\t\t\t\t  \t\t<div>Die rechte Hand des Triton an der K\u00f6nigsallee wurde Anfang des Jahres wahrscheinlich durch Vandalismus zerst\u00f6rt. Nun bekommt der Meeresgott... <a class=\"read-more-link\" href=\"https:\/\/www.schwierenstein.de\/steinmetzwerkstaetten\/meeresgott-bekommt-neue-hand\/\">read more  &rarr;<\/a><\/div>\n\t\t\t\t\t  \t\t<span>13. Februar 2016<\/span>\n\t\t\t\t  \t\t<\/div><\/div><div class=\"blog-item\"><a href=\"https:\/\/www.schwierenstein.de\/steinmetzwerkstaetten\/synagoge-in-koeln-fassade-wird-komplett-restauriert\/\" title=\"Synagoge in K\u00f6ln &#8211; Fassade wird komplett restauriert\" class=\"blog-pic\"><img src=\"https:\/\/www.schwierenstein.de\/steinmetzwerkstaetten\/wp-content\/uploads\/2016\/07\/synagoge-e1478729440630-600x400.jpg\" alt=\"Synagoge in K\u00f6ln &#8211; Fassade wird komplett restauriert\" \/><span class=\"blog-overlay\"><\/span><i class=\"fa fa-align-left\"><\/i><\/a><div class=\"blog-item-description\">\n\t\t\t\t\t\t\t<h4><a href=\"https:\/\/www.schwierenstein.de\/steinmetzwerkstaetten\/synagoge-in-koeln-fassade-wird-komplett-restauriert\/\" title=\"Synagoge in K\u00f6ln &#8211; Fassade wird komplett restauriert\">Synagoge in K\u00f6ln &#8211; Fassade wird komplett restauriert<\/a><\/h4>\n\t\t\t\t\t  \t\t<div>K\u00f6ln - Die Synagoge an der Roonstra\u00dfe ist derzeit zu einem gro\u00dfen Teil einger\u00fcstet: Die in die Jahre gekommene Natursteinfassade... <a class=\"read-more-link\" href=\"https:\/\/www.schwierenstein.de\/steinmetzwerkstaetten\/synagoge-in-koeln-fassade-wird-komplett-restauriert\/\">read more  &rarr;<\/a><\/div>\n\t\t\t\t\t  \t\t<span>11. August 2013<\/span>\n\t\t\t\t  \t\t<\/div><\/div><\/div><\/div><div class=\"clear\"><\/div>[\/vc_column][\/vc_row]<\/p>\n<\/section>","protected":false},"excerpt":{"rendered":"<p>[vc_row type=&#8220;full_width_section&#8220;][vc_column width=&#8220;1\/1&#8243;][vc_column_text][\/vc_column_text][\/vc_column][\/vc_row][vc_row][vc_column width=&#8220;1\/1&#8243;][vc_column_text] Mit Tradition in die Zukunft Seit \u00fcber 100 Jahren und 5 Generationen in Stein gemeisselt. Bereits 1905 beginnt die Steinmetzgeschichte der Familie, mit der im Jahr 2010 durch Jan Schwieren (Steinmetz und Steinbildhauermeister) gegr\u00fcndeten Steinmetzwerkst\u00e4tten GmbH wurde das Familienunternehmen neu und zukunftsorientiert aufgestellt. Vor allem im Bereich der Restaurierung und Konservierung historischer Bausubstanz hat sich das Unternehmen bundesweit einen Namen gemacht. [\/vc_column_text][\/vc_column][\/vc_row][vc_row equal_height=&#8220;yes&#8220; content_placement=&#8220;middle&#8220; top_padding=&#8220;20&#8243; bottom_padding=&#8220;0&#8243;][vc_column animation=&#8220;fade-in-from-right&#8220; width=&#8220;2\/3&#8243;][vc_column_text] &#8222;Wir gestalten Neues und erhalten Historisches. Dabei kombinieren wir traditionelles Steinmetzhandwerk mit modernsten Fertigungstechniken.&#8220; Jan Schwieren \/ Inhaber Schwieren Steinmetzwerkst\u00e4tten GmbH [\/vc_column_text][\/vc_column][vc_column animation=&#8220;fade-in-from-right&#8220; width=&#8220;1\/3&#8243;][\/vc_column][\/vc_row][vc_row][vc_column width=&#8220;1\/1&#8243;][\/vc_column][\/vc_row][vc_row][vc_column animation=&#8220;fade-in-from-left&#8220; width=&#8220;1\/1&#8243;][vc_column_text] Unsere Projekte [\/vc_column_text][\/vc_column][\/vc_row][vc_row][vc_column animation=&#8220;fade-in-from-left&#8220; width=&#8220;1\/1&#8243;][\/vc_column][\/vc_row]<\/p>\n","protected":false},"author":1,"featured_media":0,"parent":0,"menu_order":0,"comment_status":"closed","ping_status":"closed","template":"","meta":{"_bbp_topic_count":0,"_bbp_reply_count":0,"_bbp_total_topic_count":0,"_bbp_total_reply_count":0,"_bbp_voice_count":0,"_bbp_anonymous_reply_count":0,"_bbp_topic_count_hidden":0,"_bbp_reply_count_hidden":0,"_bbp_forum_subforum_count":0},"_links":{"self":[{"href":"https:\/\/www.schwierenstein.de\/steinmetzwerkstaetten\/wp-json\/wp\/v2\/pages\/15776"}],"collection":[{"href":"https:\/\/www.schwierenstein.de\/steinmetzwerkstaetten\/wp-json\/wp\/v2\/pages"}],"about":[{"href":"https:\/\/www.schwierenstein.de\/steinmetzwerkstaetten\/wp-json\/wp\/v2\/types\/page"}],"author":[{"embeddable":true,"href":"https:\/\/www.schwierenstein.de\/steinmetzwerkstaetten\/wp-json\/wp\/v2\/users\/1"}],"replies":[{"embeddable":true,"href":"https:\/\/www.schwierenstein.de\/steinmetzwerkstaetten\/wp-json\/wp\/v2\/comments?post=15776"}],"version-history":[{"count":187,"href":"https:\/\/www.schwierenstein.de\/steinmetzwerkstaetten\/wp-json\/wp\/v2\/pages\/15776\/revisions"}],"predecessor-version":[{"id":16608,"href":"https:\/\/www.schwierenstein.de\/steinmetzwerkstaetten\/wp-json\/wp\/v2\/pages\/15776\/revisions\/16608"}],"wp:attachment":[{"href":"https:\/\/www.schwierenstein.de\/steinmetzwerkstaetten\/wp-json\/wp\/v2\/media?parent=15776"}],"curies":[{"name":"wp","href":"https:\/\/api.w.org\/{rel}","templated":true}]}}