{"id":15849,"date":"2016-06-30T14:54:25","date_gmt":"2016-06-30T12:54:25","guid":{"rendered":"http:\/\/www.schwierenstein.de\/schwieren2\/?page_id=15849"},"modified":"2017-03-17T19:12:13","modified_gmt":"2017-03-17T18:12:13","slug":"portfolio-restaurierung","status":"publish","type":"page","link":"https:\/\/www.schwierenstein.de\/steinmetzwerkstaetten\/portfolio-restaurierung\/","title":{"rendered":"Portfolio"},"content":{"rendered":"<section class=\"wpb-content-wrapper\"><p>[vc_row][vc_column width=&#8220;1\/1&#8243;][vc_column_text]<\/p>\n<div><\/div>\n<p>[\/vc_column_text][\/vc_column][\/vc_row][vc_row][vc_column animation=&#8220;fade-in-from-right&#8220;][vc_column_text]<\/p>\n<h3><strong>Wir gestalten Neues und erhalten Historisches. Dabei kombinieren wir traditionelles Steinmetzhandwerk mit modernsten Fertigungstechniken.<\/strong><\/h3>\n<p>Im Bereich der Restaurierung und Konservierung historischer Bausubstanz hat sich unser Unternehmen in den vergangenen Jahren bundesweit einen Namen gemacht. Wir legen h\u00f6chsten Wert auf die Qualifikation unserer Mitarbeiter und besch\u00e4ftigen ausschlie\u00dflich gelernte Fachkr\u00e4fte aus den Bereichen Steinmetz und Bildhauerei, Restaurierung und Bau. Von Beginn an sind wir Ihr Ansprechpartner und realisieren Projekte, gemeinsam mit unseren Partnern, von der Einr\u00fcstung \u00fcber die Durchf\u00fchrung bis zur Endabnahme.[\/vc_column_text][\/vc_column][\/vc_row][vc_row][vc_column animation=&#8220;fade-in-from-left&#8220; text_color=&#8220;custom&#8220; custom_text_color=&#8220;#707070&#8243; width=&#8220;1\/1&#8243;]<div class=\"minti_list wpb_content_element color-grey checkbox\" style=\"\">\n<h3><strong>Auszug aus unserem Leistungsportfolio:<\/strong><\/h3>\n<ul>\n<li style=\"padding-left: 90px;\">Steinmetz- und Steinbildhauerarbeiten<\/li>\n<li style=\"padding-left: 90px;\">Natursteinarbeiten<\/li>\n<li style=\"padding-left: 90px;\">Restaurierung und Konservierung von Naturstein und mineralischen Baustoffen<\/li>\n<li style=\"padding-left: 90px;\">Statische und konstruktive Sicherung\u00a0 Bausubstanz<\/li>\n<li style=\"padding-left: 90px;\">Mauerwerks- und Fassadensanierung<\/li>\n<li style=\"padding-left: 90px;\">Farbfassung und Vergoldung<\/li>\n<li style=\"padding-left: 90px;\">Abformungen und Abg\u00fcsse<\/li>\n<li style=\"padding-left: 90px;\">uvm.<\/li>\n<\/ul>\n<\/div>[\/vc_column][\/vc_row]<\/p>\n<\/section>","protected":false},"excerpt":{"rendered":"<p>[vc_row][vc_column width=&#8220;1\/1&#8243;][vc_column_text] [\/vc_column_text][\/vc_column][\/vc_row][vc_row][vc_column animation=&#8220;fade-in-from-right&#8220;][vc_column_text] Wir gestalten Neues und erhalten Historisches. Dabei kombinieren wir traditionelles Steinmetzhandwerk mit modernsten Fertigungstechniken. Im Bereich der Restaurierung und Konservierung historischer Bausubstanz hat sich unser Unternehmen in den vergangenen Jahren bundesweit einen Namen gemacht. Wir legen h\u00f6chsten Wert auf die Qualifikation unserer Mitarbeiter und besch\u00e4ftigen ausschlie\u00dflich gelernte Fachkr\u00e4fte aus den Bereichen Steinmetz und Bildhauerei, Restaurierung und Bau. Von Beginn an sind wir Ihr Ansprechpartner und realisieren Projekte, gemeinsam mit unseren Partnern, von der Einr\u00fcstung \u00fcber die Durchf\u00fchrung bis zur Endabnahme.[\/vc_column_text][\/vc_column][\/vc_row][vc_row][vc_column animation=&#8220;fade-in-from-left&#8220; text_color=&#8220;custom&#8220; custom_text_color=&#8220;#707070&#8243; width=&#8220;1\/1&#8243;][\/vc_column][\/vc_row]<\/p>\n","protected":false},"author":1,"featured_media":0,"parent":0,"menu_order":0,"comment_status":"closed","ping_status":"closed","template":"","meta":{"_bbp_topic_count":0,"_bbp_reply_count":0,"_bbp_total_topic_count":0,"_bbp_total_reply_count":0,"_bbp_voice_count":0,"_bbp_anonymous_reply_count":0,"_bbp_topic_count_hidden":0,"_bbp_reply_count_hidden":0,"_bbp_forum_subforum_count":0},"_links":{"self":[{"href":"https:\/\/www.schwierenstein.de\/steinmetzwerkstaetten\/wp-json\/wp\/v2\/pages\/15849"}],"collection":[{"href":"https:\/\/www.schwierenstein.de\/steinmetzwerkstaetten\/wp-json\/wp\/v2\/pages"}],"about":[{"href":"https:\/\/www.schwierenstein.de\/steinmetzwerkstaetten\/wp-json\/wp\/v2\/types\/page"}],"author":[{"embeddable":true,"href":"https:\/\/www.schwierenstein.de\/steinmetzwerkstaetten\/wp-json\/wp\/v2\/users\/1"}],"replies":[{"embeddable":true,"href":"https:\/\/www.schwierenstein.de\/steinmetzwerkstaetten\/wp-json\/wp\/v2\/comments?post=15849"}],"version-history":[{"count":22,"href":"https:\/\/www.schwierenstein.de\/steinmetzwerkstaetten\/wp-json\/wp\/v2\/pages\/15849\/revisions"}],"predecessor-version":[{"id":16515,"href":"https:\/\/www.schwierenstein.de\/steinmetzwerkstaetten\/wp-json\/wp\/v2\/pages\/15849\/revisions\/16515"}],"wp:attachment":[{"href":"https:\/\/www.schwierenstein.de\/steinmetzwerkstaetten\/wp-json\/wp\/v2\/media?parent=15849"}],"curies":[{"name":"wp","href":"https:\/\/api.w.org\/{rel}","templated":true}]}}