{"id":15852,"date":"2016-06-30T15:01:22","date_gmt":"2016-06-30T13:01:22","guid":{"rendered":"http:\/\/www.schwierenstein.de\/schwieren2\/?page_id=15852"},"modified":"2021-12-10T12:35:26","modified_gmt":"2021-12-10T11:35:26","slug":"restaurierung","status":"publish","type":"page","link":"https:\/\/www.schwierenstein.de\/steinmetzwerkstaetten\/restaurierung\/","title":{"rendered":"Restaurierung &#038; Konservierung"},"content":{"rendered":"<section class=\"wpb-content-wrapper\"><p>[vc_row][vc_column][vc_column_text]<\/p>\n<div>\n<div>\n<div><\/div>\n<\/div>\n<\/div>\n<p>[\/vc_column_text][\/vc_column][\/vc_row][vc_row][vc_column animation=&#8220;fade-in-from-right&#8220;][vc_column_text]<\/p>\n<h3><strong>Restaurierung und Konservierung von Naturstein und mineralischen Baustoffen. Mit Schwieren Steinmetzwerkst\u00e4tten.<\/strong><\/h3>\n<p>Geb\u00e4ude, die vor vielen Jahrzehnten oder Jahrhunderten erbaut wurden, sind nicht nur Zeitzeugen, sondern h\u00e4ufig auch von der Zeit gezeichnet. Um diese historischen Geb\u00e4ude f\u00fcr die kommenden Jahrhunderte zu erhalten, ist eine fachgerechte Sanierung und Restaurierung unerl\u00e4sslich. Vor allem der Bereich der Natursteinsanierung stellt hohe Anforderungen an die ausf\u00fchrenden Gewerke. Ein gro\u00dfes Fachwissen im Bereich der Restaurierung und Konservierung historischer Bausubstanz sowie viel Erfahrung im Umgang mit Naturstein und mineralischen Baustoffen sind unverzichtbar. In diesen Bereichen hat sich die Schwieren Steinmetzwerkst\u00e4tten in den vergangenen Jahren bundesweit einen Namen gemacht.<\/p>\n<p>Alles aus einer Hand<\/p>\n<p>&#8211; Projektierung<br \/>\n&#8211; Rekonstruktion und Gestaltung<br \/>\n&#8211; Steinmetz- und Bildhauerarbeiten<br \/>\n&#8211; Steinrestaurierung und -konservierung<br \/>\n&#8211; Dokumentation[\/vc_column_text]<div class=\"spacer\" style=\"height: 30px;\"><\/div>[\/vc_column][\/vc_row][vc_row][vc_column animation=&#8220;fade-in-from-left&#8220; width=&#8220;1\/3&#8243;]<div class=\"single_image wpb_content_element align-left  image_box_rounded image_greyscale\" data-animation=\"none\" data-delay=\"0\"><img width=\"2560\" height=\"1707\" src=\"https:\/\/www.schwierenstein.de\/steinmetzwerkstaetten\/wp-content\/uploads\/2016\/06\/445B0909-b-scaled.jpg\" class=\"attachment-full\" alt=\"\" decoding=\"async\" loading=\"lazy\" title=\"445b0909-b\" srcset=\"https:\/\/www.schwierenstein.de\/steinmetzwerkstaetten\/wp-content\/uploads\/2016\/06\/445B0909-b-scaled.jpg 2560w, https:\/\/www.schwierenstein.de\/steinmetzwerkstaetten\/wp-content\/uploads\/2016\/06\/445B0909-b-600x400.jpg 600w, https:\/\/www.schwierenstein.de\/steinmetzwerkstaetten\/wp-content\/uploads\/2016\/06\/445B0909-b-300x200.jpg 300w, https:\/\/www.schwierenstein.de\/steinmetzwerkstaetten\/wp-content\/uploads\/2016\/06\/445B0909-b-768x512.jpg 768w, https:\/\/www.schwierenstein.de\/steinmetzwerkstaetten\/wp-content\/uploads\/2016\/06\/445B0909-b-1024x683.jpg 1024w\" sizes=\"(max-width: 2560px) 100vw, 2560px\" \/><\/div>[vc_column_text]<\/p>\n<h4>Bestandsaufnahme und Analyse<\/h4>\n<p>Die vorhandene Substanz und verwendete Materialien werden vor Baubeginn genau begutachtet, analysiert und dokumentiert. Hierzu geh\u00f6rt die fotografische Dokumentation und die Analyse vorhandenen Mauerwerks und des Fug- und Mauerm\u00f6rtels als Grundlage der Zusammensetzung neu eingebrachter Werkstoffe. Alle Analysen werden hierbei durch ein anerkanntes Institut durchgef\u00fchrt.[\/vc_column_text][\/vc_column][vc_column animation=&#8220;fade-in-from-left&#8220; width=&#8220;1\/3&#8243;]<div class=\"single_image wpb_content_element align-left  image_box_rounded image_greyscale\" data-animation=\"none\" data-delay=\"0\"><img width=\"714\" height=\"470\" src=\"https:\/\/www.schwierenstein.de\/steinmetzwerkstaetten\/wp-content\/uploads\/2016\/07\/synagoge-e1478729440630.jpg\" class=\"attachment-full\" alt=\"\" decoding=\"async\" loading=\"lazy\" title=\"synagoge\" srcset=\"https:\/\/www.schwierenstein.de\/steinmetzwerkstaetten\/wp-content\/uploads\/2016\/07\/synagoge-e1478729440630.jpg 714w, https:\/\/www.schwierenstein.de\/steinmetzwerkstaetten\/wp-content\/uploads\/2016\/07\/synagoge-e1478729440630-600x395.jpg 600w, https:\/\/www.schwierenstein.de\/steinmetzwerkstaetten\/wp-content\/uploads\/2016\/07\/synagoge-e1478729440630-300x197.jpg 300w\" sizes=\"(max-width: 714px) 100vw, 714px\" \/><\/div>[vc_column_text]<\/p>\n<h4>Baustelleneinrichtung und vorbereitende Ma\u00dfnahmen<\/h4>\n<p>Eine der wichtigsten Grundlagen f\u00fcr einen reibungslosen Ablauf der Restaurierungs- und Sanierungsarbeiten sind fachgerechte vorbereitende Ma\u00dfnahmen. Hierzu geh\u00f6ren notwendige Schutzma\u00dfnahmen gegen Verschmutzung und Besch\u00e4digung sowie die Herstellung einer funktionierenden Infrastruktur. Wir wissen, worauf es ankommt. Vom Baucontainer \u00fcber Maschinen und Werkzeuge bis zum Anschluss von Wasser und Baustromverteilern.[\/vc_column_text][\/vc_column][vc_column animation=&#8220;fade-in-from-left&#8220; width=&#8220;1\/3&#8243;]<div class=\"single_image wpb_content_element align-left  image_box_rounded image_greyscale\" data-animation=\"none\" data-delay=\"0\"><img width=\"1068\" height=\"712\" src=\"https:\/\/www.schwierenstein.de\/steinmetzwerkstaetten\/wp-content\/uploads\/2016\/06\/IMG_2851_b.jpg\" class=\"attachment-full\" alt=\"\" decoding=\"async\" loading=\"lazy\" title=\"img_2851_b\" srcset=\"https:\/\/www.schwierenstein.de\/steinmetzwerkstaetten\/wp-content\/uploads\/2016\/06\/IMG_2851_b.jpg 1068w, https:\/\/www.schwierenstein.de\/steinmetzwerkstaetten\/wp-content\/uploads\/2016\/06\/IMG_2851_b-600x400.jpg 600w, https:\/\/www.schwierenstein.de\/steinmetzwerkstaetten\/wp-content\/uploads\/2016\/06\/IMG_2851_b-300x200.jpg 300w, https:\/\/www.schwierenstein.de\/steinmetzwerkstaetten\/wp-content\/uploads\/2016\/06\/IMG_2851_b-768x512.jpg 768w, https:\/\/www.schwierenstein.de\/steinmetzwerkstaetten\/wp-content\/uploads\/2016\/06\/IMG_2851_b-1024x683.jpg 1024w\" sizes=\"(max-width: 1068px) 100vw, 1068px\" \/><\/div>[vc_column_text]<\/p>\n<h4><strong>Durchf\u00fchrung<\/strong><\/h4>\n<p>Wir legen h\u00f6chsten Wert auf die Qualifikation unserer Mitarbeiter und besch\u00e4ftigen ausschlie\u00dflich gelernte Fachkr\u00e4fte aus den Bereichen Steinmetz und Bildhauerei, Restaurierung und Bau. Alle Arbeiten finden in enger Absprache mit der Bauleitung statt. W\u00e4hrend der Durchf\u00fchrung wird ein detailliertes Bautagebuch gef\u00fchrt. Alle verwendeten Materialien und Baustoffe werden individuell auf das Objekt abgestimmt und bestehende Bau- und Sanierungsvorschriften ber\u00fccksichtigt und umgesetzt.[\/vc_column_text][\/vc_column][\/vc_row]<\/p>\n<\/section>","protected":false},"excerpt":{"rendered":"<p>[vc_row][vc_column][vc_column_text] [\/vc_column_text][\/vc_column][\/vc_row][vc_row][vc_column animation=&#8220;fade-in-from-right&#8220;][vc_column_text] Restaurierung und Konservierung von Naturstein und mineralischen Baustoffen. Mit Schwieren Steinmetzwerkst\u00e4tten. Geb\u00e4ude, die vor vielen Jahrzehnten oder Jahrhunderten erbaut wurden, sind nicht nur Zeitzeugen, sondern h\u00e4ufig auch von der Zeit gezeichnet. Um diese historischen Geb\u00e4ude f\u00fcr die kommenden Jahrhunderte zu erhalten, ist eine fachgerechte Sanierung und Restaurierung unerl\u00e4sslich. Vor allem der Bereich der Natursteinsanierung stellt hohe Anforderungen an die ausf\u00fchrenden Gewerke. Ein gro\u00dfes Fachwissen im Bereich der Restaurierung und Konservierung historischer Bausubstanz sowie viel Erfahrung im Umgang mit Naturstein und mineralischen Baustoffen sind unverzichtbar. In diesen Bereichen hat sich die Schwieren Steinmetzwerkst\u00e4tten in den vergangenen Jahren bundesweit einen Namen gemacht. Alles aus einer Hand &#8211; Projektierung &#8211; Rekonstruktion und Gestaltung &#8211; Steinmetz- und Bildhauerarbeiten &#8211; Steinrestaurierung und -konservierung &#8211; Dokumentation[\/vc_column_text][\/vc_column][\/vc_row][vc_row][vc_column animation=&#8220;fade-in-from-left&#8220; width=&#8220;1\/3&#8243;][vc_column_text] Bestandsaufnahme und Analyse Die vorhandene Substanz und verwendete Materialien werden vor Baubeginn genau begutachtet, analysiert und dokumentiert. Hierzu geh\u00f6rt die fotografische Dokumentation und die Analyse vorhandenen Mauerwerks und des Fug- und Mauerm\u00f6rtels als Grundlage der Zusammensetzung neu eingebrachter Werkstoffe. Alle Analysen werden hierbei durch ein anerkanntes Institut durchgef\u00fchrt.[\/vc_column_text][\/vc_column][vc_column animation=&#8220;fade-in-from-left&#8220; width=&#8220;1\/3&#8243;][vc_column_text] Baustelleneinrichtung und vorbereitende Ma\u00dfnahmen Eine der wichtigsten Grundlagen f\u00fcr einen reibungslosen Ablauf der Restaurierungs- und Sanierungsarbeiten sind fachgerechte vorbereitende Ma\u00dfnahmen. Hierzu geh\u00f6ren notwendige Schutzma\u00dfnahmen gegen [&hellip;]<\/p>\n","protected":false},"author":1,"featured_media":0,"parent":0,"menu_order":0,"comment_status":"closed","ping_status":"closed","template":"","meta":{"_bbp_topic_count":0,"_bbp_reply_count":0,"_bbp_total_topic_count":0,"_bbp_total_reply_count":0,"_bbp_voice_count":0,"_bbp_anonymous_reply_count":0,"_bbp_topic_count_hidden":0,"_bbp_reply_count_hidden":0,"_bbp_forum_subforum_count":0},"_links":{"self":[{"href":"https:\/\/www.schwierenstein.de\/steinmetzwerkstaetten\/wp-json\/wp\/v2\/pages\/15852"}],"collection":[{"href":"https:\/\/www.schwierenstein.de\/steinmetzwerkstaetten\/wp-json\/wp\/v2\/pages"}],"about":[{"href":"https:\/\/www.schwierenstein.de\/steinmetzwerkstaetten\/wp-json\/wp\/v2\/types\/page"}],"author":[{"embeddable":true,"href":"https:\/\/www.schwierenstein.de\/steinmetzwerkstaetten\/wp-json\/wp\/v2\/users\/1"}],"replies":[{"embeddable":true,"href":"https:\/\/www.schwierenstein.de\/steinmetzwerkstaetten\/wp-json\/wp\/v2\/comments?post=15852"}],"version-history":[{"count":33,"href":"https:\/\/www.schwierenstein.de\/steinmetzwerkstaetten\/wp-json\/wp\/v2\/pages\/15852\/revisions"}],"predecessor-version":[{"id":17196,"href":"https:\/\/www.schwierenstein.de\/steinmetzwerkstaetten\/wp-json\/wp\/v2\/pages\/15852\/revisions\/17196"}],"wp:attachment":[{"href":"https:\/\/www.schwierenstein.de\/steinmetzwerkstaetten\/wp-json\/wp\/v2\/media?parent=15852"}],"curies":[{"name":"wp","href":"https:\/\/api.w.org\/{rel}","templated":true}]}}