{"id":16122,"date":"2016-07-07T12:34:39","date_gmt":"2016-07-07T10:34:39","guid":{"rendered":"http:\/\/www.schwierenstein.de\/schwieren2\/?page_id=16122"},"modified":"2016-07-07T12:37:35","modified_gmt":"2016-07-07T10:37:35","slug":"ueber-uns-das-unternehmen","status":"publish","type":"page","link":"https:\/\/www.schwierenstein.de\/steinmetzwerkstaetten\/ueber-uns-das-unternehmen\/","title":{"rendered":"\u00dcber uns &#8211; Das Unternehmen"},"content":{"rendered":"<h5>Mit Tradition in die Zukunft<\/h5>\n<p><img decoding=\"async\" loading=\"lazy\" class=\"alignnone size-medium wp-image-16066 alignright\" src=\"http:\/\/www.schwierenstein.de\/schwieren2\/wp-content\/uploads\/2014\/03\/icon_500x334-300x200.jpg\" alt=\"icon_500x334\" width=\"300\" height=\"200\" srcset=\"https:\/\/www.schwierenstein.de\/steinmetzwerkstaetten\/wp-content\/uploads\/2014\/03\/icon_500x334-300x200.jpg 300w, https:\/\/www.schwierenstein.de\/steinmetzwerkstaetten\/wp-content\/uploads\/2014\/03\/icon_500x334.jpg 500w\" sizes=\"(max-width: 300px) 100vw, 300px\" \/>Seit \u00fcber 100 Jahren und 5 Generationen in Stein gemeisselt. Bereits 1905 beginnt die Steinmetzgeschichte der Familie. 1979 gr\u00fcndet Steinmetzmeister Martin Schwieren das Unternehmen Schwierenstein, das in den folgenden Jahren im Gro\u00dfraum K\u00f6ln eine der Adressen f\u00fcr professionelle Steinmetzarbeiten wird. Mit der im Jahr 2010 durch Jan Schwieren (Steinmetz und Steinbildhauermeister) gegr\u00fcndeten Steinmetzwerkst\u00e4tten GmbH wurde das Familienunternehmen neu und zukunftsorientiert aufgestellt. Vor allem im Bereich der Restaurierung und Konservierung historischer Bausubstanz hat sich das Unternehmen unter der F\u00fchrung von Gesch\u00e4ftsf\u00fchrer Jan Schwieren in den Jahren seit Neugr\u00fcndung bundesweit einen Namen gemacht.<\/p>\n","protected":false},"excerpt":{"rendered":"<p>Mit Tradition in die Zukunft Seit \u00fcber 100 Jahren und 5 Generationen in Stein gemeisselt. Bereits 1905 beginnt die Steinmetzgeschichte der Familie. 1979 gr\u00fcndet Steinmetzmeister Martin Schwieren das Unternehmen Schwierenstein, das in den folgenden Jahren im Gro\u00dfraum K\u00f6ln eine der Adressen f\u00fcr professionelle Steinmetzarbeiten wird. Mit der im Jahr 2010 durch Jan Schwieren (Steinmetz und Steinbildhauermeister) gegr\u00fcndeten Steinmetzwerkst\u00e4tten GmbH wurde das Familienunternehmen neu und zukunftsorientiert aufgestellt. Vor allem im Bereich der Restaurierung und Konservierung historischer Bausubstanz hat sich das Unternehmen unter der F\u00fchrung von Gesch\u00e4ftsf\u00fchrer Jan Schwieren in den Jahren seit Neugr\u00fcndung bundesweit einen Namen gemacht.<\/p>\n","protected":false},"author":1,"featured_media":0,"parent":0,"menu_order":0,"comment_status":"closed","ping_status":"closed","template":"","meta":{"_bbp_topic_count":0,"_bbp_reply_count":0,"_bbp_total_topic_count":0,"_bbp_total_reply_count":0,"_bbp_voice_count":0,"_bbp_anonymous_reply_count":0,"_bbp_topic_count_hidden":0,"_bbp_reply_count_hidden":0,"_bbp_forum_subforum_count":0},"_links":{"self":[{"href":"https:\/\/www.schwierenstein.de\/steinmetzwerkstaetten\/wp-json\/wp\/v2\/pages\/16122"}],"collection":[{"href":"https:\/\/www.schwierenstein.de\/steinmetzwerkstaetten\/wp-json\/wp\/v2\/pages"}],"about":[{"href":"https:\/\/www.schwierenstein.de\/steinmetzwerkstaetten\/wp-json\/wp\/v2\/types\/page"}],"author":[{"embeddable":true,"href":"https:\/\/www.schwierenstein.de\/steinmetzwerkstaetten\/wp-json\/wp\/v2\/users\/1"}],"replies":[{"embeddable":true,"href":"https:\/\/www.schwierenstein.de\/steinmetzwerkstaetten\/wp-json\/wp\/v2\/comments?post=16122"}],"version-history":[{"count":3,"href":"https:\/\/www.schwierenstein.de\/steinmetzwerkstaetten\/wp-json\/wp\/v2\/pages\/16122\/revisions"}],"predecessor-version":[{"id":16523,"href":"https:\/\/www.schwierenstein.de\/steinmetzwerkstaetten\/wp-json\/wp\/v2\/pages\/16122\/revisions\/16523"}],"wp:attachment":[{"href":"https:\/\/www.schwierenstein.de\/steinmetzwerkstaetten\/wp-json\/wp\/v2\/media?parent=16122"}],"curies":[{"name":"wp","href":"https:\/\/api.w.org\/{rel}","templated":true}]}}