{"id":16521,"date":"2017-03-20T17:41:26","date_gmt":"2017-03-20T16:41:26","guid":{"rendered":"http:\/\/www.schwierenstein.de\/steinmetzwerkstaetten\/?page_id=16521"},"modified":"2022-09-16T01:19:12","modified_gmt":"2022-09-15T23:19:12","slug":"impressum","status":"publish","type":"page","link":"https:\/\/www.schwierenstein.de\/steinmetzwerkstaetten\/impressum\/","title":{"rendered":"Impressum"},"content":{"rendered":"<p><strong>Impressum<\/strong><\/p>\n<p><strong>Angaben gem\u00e4\u00df \u00a7 5 TMG<\/strong><br \/>\nSchwieren Steinmetzwerkst\u00e4tten GmbH<\/p>\n<p>Gesch\u00e4ftsf\u00fchrer: Jan Schwieren<br \/>\nSitz der Gesellschaft: Sedanstra\u00dfe 4a, 50668 K\u00f6ln<br \/>\nAmtsgericht K\u00f6ln HRB 69666<\/p>\n<p><strong>Kontakt:<\/strong><br \/>\nTel: +49 (221) 60 82 56<br \/>\nFax +49 (221) 60 69 39<br \/>\nE-Mail: info@schwierenstein.de<\/p>\n<p><strong>Umsatzsteuer:<\/strong><br \/>\nUmsatzsteuer-Identifikationsnummer gem\u00e4\u00df \u00a727 a Umsatzsteuergesetz:<br \/>\nDE 272439397<\/p>\n<p><strong>Verantwortlich f\u00fcr den Inhalt nach \u00a7 55 Abs. 2 RStV:<\/strong><br \/>\nJan Schwieren<br \/>\nSchwieren Steinmetzwerkst\u00e4tten GmbH<\/p>\n<p><strong>Haftung f\u00fcr Inhalte<\/strong><br \/>\nAls Diensteanbieter sind wir gem\u00e4\u00df \u00a7 7 Abs.1 TMG f\u00fcr eigene Inhalte auf diesen Seiten nach den allgemeinen Gesetzen verantwortlich. Nach \u00a7\u00a7 8 bis 10 TMG sind wir als Diensteanbieter jedoch nicht verpflichtet, \u00fcbermittelte oder gespeicherte fremde Informationen zu \u00fcberwachen oder nach Umst\u00e4nden zu forschen, die auf eine rechtswidrige T\u00e4tigkeit hinweisen. Verpflichtungen zur Entfernung oder Sperrung der Nutzung von Informationen nach den allgemeinen Gesetzen bleiben hiervon unber\u00fchrt. Eine diesbez\u00fcgliche Haftung ist jedoch erst ab dem Zeitpunkt der Kenntnis einer konkreten Rechtsverletzung m\u00f6glich. Bei Bekanntwerden von entsprechenden Rechtsverletzungen werden wir diese Inhalte umgehend entfernen.<\/p>\n<p><strong>Haftung f\u00fcr Link<\/strong><br \/>\nUnser Angebot enth\u00e4lt Links zu externen Websites Dritter, auf deren Inhalte wir keinen Einfluss haben. Deshalb k\u00f6nnen wir f\u00fcr diese fremden Inhalte auch keine Gew\u00e4hr \u00fcbernehmen. F\u00fcr die Inhalte der verlinkten Seiten ist stets der jeweilige Anbieter oder Betreiber der Seiten verantwortlich. Die verlinkten Seiten wurden zum Zeitpunkt der Verlinkung auf m\u00f6gliche Rechtsverst\u00f6\u00dfe \u00fcberpr\u00fcft. Rechtswidrige Inhalte waren zum Zeitpunkt der Verlinkung nicht erkennbar. Eine permanente inhaltliche Kontrolle der verlinkten Seiten ist jedoch ohne konkrete Anhaltspunkte einer Rechtsverletzung nicht zumutbar. Bei Bekanntwerden von Rechtsverletzungen werden wir derartige Links umgehend entfernen.<\/p>\n<p><strong>Urheberrecht<\/strong><br \/>\nDie durch die Seitenbetreiber erstellten Inhalte und Werke auf diesen Seiten unterliegen dem deutschen Urheberrecht. Die Vervielf\u00e4ltigung, Bearbeitung, Verbreitung und jede Art der Verwertung au\u00dferhalb der Grenzen des Urheberrechtes bed\u00fcrfen der schriftlichen Zustimmung des jeweiligen Autors bzw. Erstellers. Downloads und Kopien dieser Seite sind nur f\u00fcr den privaten, nicht kommerziellen Gebrauch gestattet. Soweit die Inhalte auf dieser Seite nicht vom Betreiber erstellt wurden, werden die Urheberrechte Dritter beachtet. Insbesondere werden Inhalte Dritter als solche gekennzeichnet. Sollten Sie trotzdem auf eine Urheberrechtsverletzung aufmerksam werden, bitten wir um einen entsprechenden Hinweis. Bei Bekanntwerden von Rechtsverletzungen werden wir derartige Inhalte umgehend entfernen.<\/p>\n<p>Umsetzung und Beratung<br \/>\n<a href=\"http:\/\/www.wortsturm.de\">WORTSTURM &#8211; Agentur f\u00fcr Kommunikation<\/a><\/p>\n","protected":false},"excerpt":{"rendered":"<p>Impressum Angaben gem\u00e4\u00df \u00a7 5 TMG Schwieren Steinmetzwerkst\u00e4tten GmbH Gesch\u00e4ftsf\u00fchrer: Jan Schwieren Sitz der Gesellschaft: Sedanstra\u00dfe 4a, 50668 K\u00f6ln Amtsgericht K\u00f6ln HRB 69666 Kontakt: Tel: +49 (221) 60 82 56 Fax +49 (221) 60 69 39 E-Mail: info@schwierenstein.de Umsatzsteuer: Umsatzsteuer-Identifikationsnummer gem\u00e4\u00df \u00a727 a Umsatzsteuergesetz: DE 272439397 Verantwortlich f\u00fcr den Inhalt nach \u00a7 55 Abs. 2 RStV: Jan Schwieren Schwieren Steinmetzwerkst\u00e4tten GmbH Haftung f\u00fcr Inhalte Als Diensteanbieter sind wir gem\u00e4\u00df \u00a7 7 Abs.1 TMG f\u00fcr eigene Inhalte auf diesen Seiten nach den allgemeinen Gesetzen verantwortlich. Nach \u00a7\u00a7 8 bis 10 TMG sind wir als Diensteanbieter jedoch nicht verpflichtet, \u00fcbermittelte oder gespeicherte fremde Informationen zu \u00fcberwachen oder nach Umst\u00e4nden zu forschen, die auf eine rechtswidrige T\u00e4tigkeit hinweisen. Verpflichtungen zur Entfernung oder Sperrung der Nutzung von Informationen nach den allgemeinen Gesetzen bleiben hiervon unber\u00fchrt. Eine diesbez\u00fcgliche Haftung ist jedoch erst ab dem Zeitpunkt der Kenntnis einer konkreten Rechtsverletzung m\u00f6glich. Bei Bekanntwerden von entsprechenden Rechtsverletzungen werden wir diese Inhalte umgehend entfernen. Haftung f\u00fcr Link Unser Angebot enth\u00e4lt Links zu externen Websites Dritter, auf deren Inhalte wir keinen Einfluss haben. Deshalb k\u00f6nnen wir f\u00fcr diese fremden Inhalte auch keine Gew\u00e4hr \u00fcbernehmen. F\u00fcr die Inhalte der verlinkten Seiten ist stets der jeweilige Anbieter oder Betreiber der [&hellip;]<\/p>\n","protected":false},"author":1,"featured_media":0,"parent":0,"menu_order":0,"comment_status":"closed","ping_status":"closed","template":"","meta":{"_bbp_topic_count":0,"_bbp_reply_count":0,"_bbp_total_topic_count":0,"_bbp_total_reply_count":0,"_bbp_voice_count":0,"_bbp_anonymous_reply_count":0,"_bbp_topic_count_hidden":0,"_bbp_reply_count_hidden":0,"_bbp_forum_subforum_count":0},"_links":{"self":[{"href":"https:\/\/www.schwierenstein.de\/steinmetzwerkstaetten\/wp-json\/wp\/v2\/pages\/16521"}],"collection":[{"href":"https:\/\/www.schwierenstein.de\/steinmetzwerkstaetten\/wp-json\/wp\/v2\/pages"}],"about":[{"href":"https:\/\/www.schwierenstein.de\/steinmetzwerkstaetten\/wp-json\/wp\/v2\/types\/page"}],"author":[{"embeddable":true,"href":"https:\/\/www.schwierenstein.de\/steinmetzwerkstaetten\/wp-json\/wp\/v2\/users\/1"}],"replies":[{"embeddable":true,"href":"https:\/\/www.schwierenstein.de\/steinmetzwerkstaetten\/wp-json\/wp\/v2\/comments?post=16521"}],"version-history":[{"count":7,"href":"https:\/\/www.schwierenstein.de\/steinmetzwerkstaetten\/wp-json\/wp\/v2\/pages\/16521\/revisions"}],"predecessor-version":[{"id":17241,"href":"https:\/\/www.schwierenstein.de\/steinmetzwerkstaetten\/wp-json\/wp\/v2\/pages\/16521\/revisions\/17241"}],"wp:attachment":[{"href":"https:\/\/www.schwierenstein.de\/steinmetzwerkstaetten\/wp-json\/wp\/v2\/media?parent=16521"}],"curies":[{"name":"wp","href":"https:\/\/api.w.org\/{rel}","templated":true}]}}