{"id":5752,"date":"2014-03-24T11:24:28","date_gmt":"2014-03-24T11:24:28","guid":{"rendered":"http:\/\/localhost:8888\/themes\/ventory\/?page_id=5752"},"modified":"2022-09-16T01:02:50","modified_gmt":"2022-09-15T23:02:50","slug":"ueber-uns","status":"publish","type":"page","link":"https:\/\/www.schwierenstein.de\/steinmetzwerkstaetten\/ueber-uns\/","title":{"rendered":"\u00dcber uns"},"content":{"rendered":"<section class=\"wpb-content-wrapper\"><p>[vc_row][vc_column width=&#8220;1\/1&#8243;][vc_column_text]<\/p>\n<div><\/div>\n<p>[\/vc_column_text][\/vc_column][\/vc_row][vc_row bottom_padding=&#8220;20&#8243; bg_position=&#8220;left top&#8220;][vc_column animation=&#8220;fade-in-from-right&#8220; width=&#8220;1\/1&#8243;]<h1 class=\"headline font-inherit fontsize-m fontweight-700 lh-12 align-left transform-inherit \" style=\"margin: 0 0 30px 0;\">Die Schwieren Steinmetzwerkst\u00e4tten<\/h1>[vc_row_inner][vc_column_inner width=&#8220;1\/3&#8243;]<div class=\"iconbox  wpb_content_element iconbox-style-6 icon-color-greyscale color-dark clearfix\"><img src='https:\/\/www.schwierenstein.de\/steinmetzwerkstaetten\/wp-content\/uploads\/2014\/03\/icon_500x334-r.jpg' class='iconimg' \/><h3>\u00dcber uns<\/h3><p>Bereits 1905 beginnt die Steinmetzgeschichte der Familie. Mit der in 2010 gegr\u00fcndeten Steinmetzwerkst\u00e4tten GmbH wurde das Unternehmen neu und zukunftsorientiert aufgestellt. <a href=\"http:\/\/www.schwierenstein.de\/schwieren2\/ueber-uns-das-unternehmen\/\">Lesen Sie mehr.<\/a><\/p><\/div>[\/vc_column_inner][vc_column_inner width=&#8220;1\/3&#8243;]<div class=\"iconbox  wpb_content_element iconbox-style-6 icon-color-greyscale color-dark clearfix\"><img src='https:\/\/www.schwierenstein.de\/steinmetzwerkstaetten\/wp-content\/uploads\/2014\/03\/mitarbeiter2.jpg' class='iconimg' \/><h3>Unsere Mitarbeiter<\/h3><p>Wir legen h\u00f6chsten Wert auf die Qualifikation unserer Mitarbeiter und besch\u00e4ftigen ausschlie\u00dflich gelernte Fachkr\u00e4fte aus den Bereichen Steinmetz und Bildhauerei, Restaurierung und Bau. <a href=\"http:\/\/www.schwierenstein.de\/schwieren2\/unsere-mitarbeiter\/\">Lesen Sie mehr.<\/a><\/p><\/div>[\/vc_column_inner][vc_column_inner width=&#8220;1\/3&#8243;]<div class=\"iconbox  wpb_content_element iconbox-style-6 icon-color-greyscale color-dark clearfix\"><img src='https:\/\/www.schwierenstein.de\/steinmetzwerkstaetten\/wp-content\/uploads\/2016\/05\/Schwieren-1772-scaled.jpg' class='iconimg' \/><h3>Ausbildung<\/h3><p>Die qualifizierte Ausbildung im Steinmetzhandwerk ist die Zukunft unserer Meisterbetriebe. Seit 1983 bis heute bilden wir durchg\u00e4ngig im Steinmetzhandwerk aus. <a href=\"http:\/\/www.schwierenstein.de\/schwieren2\/ausbildung\/\">Lesen Sie mehr.<\/a><\/p><\/div>[\/vc_column_inner][\/vc_row_inner][\/vc_column][\/vc_row][vc_row bg_color=&#8220;#ffffff&#8220; top_padding=&#8220;5&#8243; bottom_padding=&#8220;15&#8243;][vc_column width=&#8220;1\/1&#8243;]<h2 class=\"headline font-inherit fontsize-m fontweight-700 lh-inherit align-left transform-inherit \" style=\"margin: 0 0 30px 0;\">Unser Team \/ Planung &amp; Beratung<\/h2>[vc_row_inner][vc_column_inner width=&#8220;1\/3&#8243;]<div class=\"member wpb_content_element\"><div class=\"member-img\"><img src=\"https:\/\/www.schwierenstein.de\/steinmetzwerkstaetten\/wp-content\/uploads\/2014\/03\/445B0059-3_K_430-630.jpg\" alt=\"\" \/><\/div><h4>Jan Schwieren<\/h4><div class=\"member-role\">Planung &amp; Beratung \/ Steinmetz &amp; Steinbildhauermeister<\/div><div class=\"member-content\"><p><\/p><\/div><\/div>[\/vc_column_inner][vc_column_inner width=&#8220;1\/3&#8243;]<div class=\"member wpb_content_element\"><div class=\"member-img\"><img src=\"https:\/\/www.schwierenstein.de\/steinmetzwerkstaetten\/wp-content\/uploads\/2014\/03\/445B0107-3_K_430-630.jpg\" alt=\"\" \/><\/div><h4>Winfried Orth<\/h4><div class=\"member-role\">Planung &amp; Beratung \/ Steinmetz &amp; Steinbildhauermeister<\/div><div class=\"member-content\"><p><\/p><\/div><\/div>[\/vc_column_inner][vc_column_inner width=&#8220;1\/3&#8243;]<div class=\"member wpb_content_element\"><div class=\"member-img\"><img src=\"https:\/\/www.schwierenstein.de\/steinmetzwerkstaetten\/wp-content\/uploads\/2014\/03\/445B0041-3_K_430-630.jpg\" alt=\"\" \/><\/div><h4>Ute Schwieren<\/h4><div class=\"member-role\">B\u00fcro &amp; Administration<\/div><div class=\"member-content\"><p><\/p><\/div><\/div>[\/vc_column_inner][\/vc_row_inner][\/vc_column][\/vc_row]<\/p>\n<\/section>","protected":false},"excerpt":{"rendered":"<p>[vc_row][vc_column width=&#8220;1\/1&#8243;][vc_column_text] [\/vc_column_text][\/vc_column][\/vc_row][vc_row bottom_padding=&#8220;20&#8243; bg_position=&#8220;left top&#8220;][vc_column animation=&#8220;fade-in-from-right&#8220; width=&#8220;1\/1&#8243;][vc_row_inner][vc_column_inner width=&#8220;1\/3&#8243;][\/vc_column_inner][vc_column_inner width=&#8220;1\/3&#8243;][\/vc_column_inner][vc_column_inner width=&#8220;1\/3&#8243;][\/vc_column_inner][\/vc_row_inner][\/vc_column][\/vc_row][vc_row bg_color=&#8220;#ffffff&#8220; top_padding=&#8220;5&#8243; bottom_padding=&#8220;15&#8243;][vc_column width=&#8220;1\/1&#8243;][vc_row_inner][vc_column_inner width=&#8220;1\/3&#8243;][\/vc_column_inner][vc_column_inner width=&#8220;1\/3&#8243;][\/vc_column_inner][vc_column_inner width=&#8220;1\/3&#8243;][\/vc_column_inner][\/vc_row_inner][\/vc_column][\/vc_row]<\/p>\n","protected":false},"author":1,"featured_media":0,"parent":0,"menu_order":0,"comment_status":"open","ping_status":"open","template":"","meta":{"_bbp_topic_count":0,"_bbp_reply_count":0,"_bbp_total_topic_count":0,"_bbp_total_reply_count":0,"_bbp_voice_count":0,"_bbp_anonymous_reply_count":0,"_bbp_topic_count_hidden":0,"_bbp_reply_count_hidden":0,"_bbp_forum_subforum_count":0},"_links":{"self":[{"href":"https:\/\/www.schwierenstein.de\/steinmetzwerkstaetten\/wp-json\/wp\/v2\/pages\/5752"}],"collection":[{"href":"https:\/\/www.schwierenstein.de\/steinmetzwerkstaetten\/wp-json\/wp\/v2\/pages"}],"about":[{"href":"https:\/\/www.schwierenstein.de\/steinmetzwerkstaetten\/wp-json\/wp\/v2\/types\/page"}],"author":[{"embeddable":true,"href":"https:\/\/www.schwierenstein.de\/steinmetzwerkstaetten\/wp-json\/wp\/v2\/users\/1"}],"replies":[{"embeddable":true,"href":"https:\/\/www.schwierenstein.de\/steinmetzwerkstaetten\/wp-json\/wp\/v2\/comments?post=5752"}],"version-history":[{"count":143,"href":"https:\/\/www.schwierenstein.de\/steinmetzwerkstaetten\/wp-json\/wp\/v2\/pages\/5752\/revisions"}],"predecessor-version":[{"id":17239,"href":"https:\/\/www.schwierenstein.de\/steinmetzwerkstaetten\/wp-json\/wp\/v2\/pages\/5752\/revisions\/17239"}],"wp:attachment":[{"href":"https:\/\/www.schwierenstein.de\/steinmetzwerkstaetten\/wp-json\/wp\/v2\/media?parent=5752"}],"curies":[{"name":"wp","href":"https:\/\/api.w.org\/{rel}","templated":true}]}}